{"id":31710,"date":"2024-12-03T11:38:02","date_gmt":"2024-12-03T10:38:02","guid":{"rendered":"https:\/\/ismaeasy.be\/?page_id=31710"},"modified":"2024-12-03T14:07:16","modified_gmt":"2024-12-03T13:07:16","slug":"algemene-voorwaarden","status":"publish","type":"page","link":"https:\/\/ismaeasy.be\/index.php\/nl\/algemene-voorwaarden\/","title":{"rendered":"Algemene Voorwaarden"},"content":{"rendered":"\t\t<div data-elementor-type=\"wp-page\" data-elementor-id=\"31710\" class=\"elementor elementor-31710\" data-elementor-post-type=\"page\">\n\t\t\t\t\r\n\t\t<div class=\"default no-position show_shadow rs-sticky-default elementor-element elementor-element-e173a89 e-flex e-con-boxed e-con e-parent\" data-id=\"e173a89\" data-element_type=\"container\" data-e-type=\"container\" data-settings=\"{&quot;background_background&quot;:&quot;classic&quot;}\">\n\t\t\t\t\t<div class=\"e-con-inner\">\n\t\t\r\n\t\t\t\t<div class=\"elementor-element elementor-element-29ca689 elementor-widget elementor-widget-heading\" data-id=\"29ca689\" data-element_type=\"widget\" data-e-type=\"widget\" data-widget_type=\"heading.default\">\n\t\t\t\t<div class=\"elementor-widget-container\">\n\t\t\t\t\t<h2 class=\"elementor-heading-title elementor-size-default\">Algemene Voorwaarden<\/h2>\t\t\t\t<\/div>\n\t\t\t\t<\/div>\n\t\t\t\t\t<\/div>\n\t\t\t\t<\/div>\n\t\t\r\n\t\t<div class=\"default no-position show_shadow rs-sticky-default elementor-element elementor-element-88d70b9 e-flex e-con-boxed e-con e-parent\" data-id=\"88d70b9\" data-element_type=\"container\" data-e-type=\"container\">\n\t\t\t\t\t<div class=\"e-con-inner\">\n\t\t\r\n\t\t<div class=\"default no-position show_shadow rs-sticky-default elementor-element elementor-element-329be3c e-con-full e-flex e-con e-child\" data-id=\"329be3c\" data-element_type=\"container\" data-e-type=\"container\">\n\t\t\r\n\t\t\t\t<div class=\"elementor-element elementor-element-2d056c9 elementor-widget elementor-widget-heading\" data-id=\"2d056c9\" data-element_type=\"widget\" data-e-type=\"widget\" data-widget_type=\"heading.default\">\n\t\t\t\t<div class=\"elementor-widget-container\">\n\t\t\t\t\t<h4 class=\"elementor-heading-title elementor-size-default\">Algemene voorwaarden van Isma Easy Services SRL<\/h4>\t\t\t\t<\/div>\n\t\t\t\t<\/div>\n\t\t\t\t<\/div>\n\t\t\r\n\t\t\t\t<div class=\"elementor-element elementor-element-5dc993f elementor-widget elementor-widget-text-editor\" data-id=\"5dc993f\" data-element_type=\"widget\" data-e-type=\"widget\" data-widget_type=\"text-editor.default\">\n\t\t\t\t<div class=\"elementor-widget-container\">\n\t\t\t\t\t\t\t\t\t<p><span style=\"color: #000000;\"><strong>1. Doel van het contract<\/strong><\/span><\/p><p>Deze algemene voorwaarden zijn van toepassing op alle renovatiewerkzaamheden (schilderwerk, loodgieterij, elektriciteit, metselwerk, bekledingen, enz.) uitgevoerd door het bedrijf voor de klant, in het kader van een dienstverleningsovereenkomst. De uit te voeren werkzaamheden worden gedetailleerd beschreven in de door de klant aanvaarde offerte.<\/p>\t\t\t\t\t\t\t\t<\/div>\n\t\t\t\t<\/div>\n\t\t\r\n\t\t\t\t<div class=\"elementor-element elementor-element-c7dd47d elementor-widget elementor-widget-text-editor\" data-id=\"c7dd47d\" data-element_type=\"widget\" data-e-type=\"widget\" data-widget_type=\"text-editor.default\">\n\t\t\t\t<div class=\"elementor-widget-container\">\n\t\t\t\t\t\t\t\t\t<p><span style=\"color: #000000;\"><strong>2. Doel van het contract<\/strong><\/span><br \/><span style=\"color: #f8b322;\"><strong>2.1 Offerte<\/strong><\/span><\/p><p>Deze algemene voorwaarden zijn van toepassing op alle renovatiewerkzaamheden (schilderwerk, loodgieterij, elektriciteit, metselwerk, bekledingen, enz.) uitgevoerd door het bedrijf voor de klant, in het kader van een dienstverleningsovereenkomst. De uit te voeren werkzaamheden worden gedetailleerd beschreven in de offerte die door de klant is aanvaard.<\/p>\t\t\t\t\t\t\t\t<\/div>\n\t\t\t\t<\/div>\n\t\t\r\n\t\t\t\t<div class=\"elementor-element elementor-element-a916cb7 elementor-widget elementor-widget-text-editor\" data-id=\"a916cb7\" data-element_type=\"widget\" data-e-type=\"widget\" data-widget_type=\"text-editor.default\">\n\t\t\t\t<div class=\"elementor-widget-container\">\n\t\t\t\t\t\t\t\t\t<p><span style=\"color: #f8b322;\"><strong>2.2 Geldigheid van de offerte<\/strong><\/span><\/p><p>De offerte is geldig gedurende <strong>30<\/strong> dagen vanaf de datum van uitgifte. Na deze periode behoudt het bedrijf zich het recht voor om de prijs aan te passen op basis van variaties in materiaalkosten of marktomstandigheden.<\/p>\t\t\t\t\t\t\t\t<\/div>\n\t\t\t\t<\/div>\n\t\t\r\n\t\t\t\t<div class=\"elementor-element elementor-element-1061899 elementor-widget elementor-widget-text-editor\" data-id=\"1061899\" data-element_type=\"widget\" data-e-type=\"widget\" data-widget_type=\"text-editor.default\">\n\t\t\t\t<div class=\"elementor-widget-container\">\n\t\t\t\t\t\t\t\t\t<p><span style=\"color: #f8b322;\"><strong>2.3 Wijziging van de offerte<\/strong><\/span><\/p><p>Elke wijziging in het werk of de offerte moet worden geformaliseerd door een addendum dat door beide partijen is ondertekend.<\/p>\t\t\t\t\t\t\t\t<\/div>\n\t\t\t\t<\/div>\n\t\t\r\n\t\t\t\t<div class=\"elementor-element elementor-element-46dd612 elementor-widget elementor-widget-text-editor\" data-id=\"46dd612\" data-element_type=\"widget\" data-e-type=\"widget\" data-widget_type=\"text-editor.default\">\n\t\t\t\t<div class=\"elementor-widget-container\">\n\t\t\t\t\t\t\t\t\t<p><span style=\"color: #000000;\"><strong>3. Prijs en betalingsvoorwaarden<\/strong><\/span><br \/><span style=\"color: #f8b322;\"><strong>3.1 Prijs<\/strong><\/span><\/p><p>De prijs van de werkzaamheden is zoals vermeld in de geaccepteerde offerte. Deze prijs omvat de arbeid, materialen en andere kosten die nodig zijn voor de uitvoering van de werkzaamheden, tenzij anders vermeld in de offerte.<\/p>\t\t\t\t\t\t\t\t<\/div>\n\t\t\t\t<\/div>\n\t\t\r\n\t\t\t\t<div class=\"elementor-element elementor-element-bce02df elementor-widget elementor-widget-text-editor\" data-id=\"bce02df\" data-element_type=\"widget\" data-e-type=\"widget\" data-widget_type=\"text-editor.default\">\n\t\t\t\t<div class=\"elementor-widget-container\">\n\t\t\t\t\t\t\t\t\t<p><span style=\"color: #f8b322;\"><strong>3.2 Voorschot<\/strong><\/span><\/p><p>Een voorschot van <strong>30 %<\/strong> van het totale bedrag van de werkzaamheden is verschuldigd bij ondertekening van de offerte.<\/p>\t\t\t\t\t\t\t\t<\/div>\n\t\t\t\t<\/div>\n\t\t\r\n\t\t\t\t<div class=\"elementor-element elementor-element-cf93822 elementor-widget elementor-widget-text-editor\" data-id=\"cf93822\" data-element_type=\"widget\" data-e-type=\"widget\" data-widget_type=\"text-editor.default\">\n\t\t\t\t<div class=\"elementor-widget-container\">\n\t\t\t\t\t\t\t\t\t<p><span style=\"color: #f8b322;\"><strong>3.3 Betaling van het resterende bedrag<\/strong><\/span><\/p><p>Het resterende saldo is verschuldigd bij oplevering van de werkzaamheden, of volgens de overeengekomen betalingsvoorwaarden in de offerte. Betaling dient te geschieden via bankoverschrijving.<\/p>\t\t\t\t\t\t\t\t<\/div>\n\t\t\t\t<\/div>\n\t\t\r\n\t\t\t\t<div class=\"elementor-element elementor-element-a0536cd elementor-widget elementor-widget-text-editor\" data-id=\"a0536cd\" data-element_type=\"widget\" data-e-type=\"widget\" data-widget_type=\"text-editor.default\">\n\t\t\t\t<div class=\"elementor-widget-container\">\n\t\t\t\t\t\t\t\t\t<p><span style=\"color: #f8b322;\"><strong>3.4 Betalingsachterstand<\/strong><\/span><\/p><p>Bij betalingsachterstand worden wettelijke rente voor betalingsachterstand toegepast volgens de Belgische wetgeving (wet van 2 augustus 2002 betreffende de bestrijding van betalingsachterstand bij handelstransacties). Incassokosten worden ook in rekening gebracht als de achterstand <strong>[30] dagen<\/strong> overschrijdt.<\/p>\t\t\t\t\t\t\t\t<\/div>\n\t\t\t\t<\/div>\n\t\t\r\n\t\t\t\t<div class=\"elementor-element elementor-element-d83cb97 elementor-widget elementor-widget-text-editor\" data-id=\"d83cb97\" data-element_type=\"widget\" data-e-type=\"widget\" data-widget_type=\"text-editor.default\">\n\t\t\t\t<div class=\"elementor-widget-container\">\n\t\t\t\t\t\t\t\t\t<p><span style=\"color: #000000;\"><strong>4. Uitvoeringstermijnen van het werk<\/strong><\/span><br \/><span style=\"color: #f8b322;\"><strong>4.1 Overeengekomen termijnen<\/strong><\/span><\/p><p>Het werk zal worden uitgevoerd binnen de termijnen zoals vermeld in de offerte, met inachtneming van weersomstandigheden, vertragingen in de levering van materialen of andere onvoorziene omstandigheden die niet onder controle van het bedrijf vallen. Eventuele wijzigingen in de termijnen zullen zo snel mogelijk aan de klant worden gecommuniceerd.<\/p>\t\t\t\t\t\t\t\t<\/div>\n\t\t\t\t<\/div>\n\t\t\r\n\t\t\t\t<div class=\"elementor-element elementor-element-e9af6c6 elementor-widget elementor-widget-text-editor\" data-id=\"e9af6c6\" data-element_type=\"widget\" data-e-type=\"widget\" data-widget_type=\"text-editor.default\">\n\t\t\t\t<div class=\"elementor-widget-container\">\n\t\t\t\t\t\t\t\t\t<p><span style=\"color: #000000;\"><strong>5. Verplichtingen van het bedrijf<\/strong><\/span><\/p><p><span style=\"color: #f8b322;\">Het bedrijf verbindt zich ertoe:<\/span><\/p><ul><li>De werkzaamheden uit te voeren in overeenstemming met technische normen, veiligheidsvoorschriften en vakmanschap.<\/li><li>De benodigde materialen te leveren voor de uitvoering van de werkzaamheden, tenzij anders overeengekomen in de offerte.<\/li><li>De overeengekomen termijnen te respecteren, behalve in geval van overmacht of onvoorziene omstandigheden.<\/li><\/ul>\t\t\t\t\t\t\t\t<\/div>\n\t\t\t\t<\/div>\n\t\t\r\n\t\t\t\t<div class=\"elementor-element elementor-element-e70dadb elementor-widget elementor-widget-text-editor\" data-id=\"e70dadb\" data-element_type=\"widget\" data-e-type=\"widget\" data-widget_type=\"text-editor.default\">\n\t\t\t\t<div class=\"elementor-widget-container\">\n\t\t\t\t\t\t\t\t\t<p><span style=\"color: #000000;\"><strong>6. Verplichtingen van de klant<\/strong><\/span><\/p><p><span style=\"color: #f8b322;\">De klant verbindt zich ertoe:<\/span><\/p><ul><li>Het verschuldigde bedrag op tijd te betalen.<\/li><li>Veilige en voldoende toegang tot de bouwplaats te verschaffen.<\/li><li>Ervoor te zorgen dat alle benodigde administratieve vergunningen (bouwvergunningen, enz.) zijn verkregen voordat de werkzaamheden beginnen.<\/li><li>De bouwplaats voor te bereiden zodat de werkzaamheden onder de beste omstandigheden kunnen beginnen.<\/li><\/ul>\t\t\t\t\t\t\t\t<\/div>\n\t\t\t\t<\/div>\n\t\t\r\n\t\t\t\t<div class=\"elementor-element elementor-element-3101580 elementor-widget elementor-widget-text-editor\" data-id=\"3101580\" data-element_type=\"widget\" data-e-type=\"widget\" data-widget_type=\"text-editor.default\">\n\t\t\t\t<div class=\"elementor-widget-container\">\n\t\t\t\t\t\t\t\t\t<p><span style=\"color: #000000;\"><strong>7. Wijziging van de werkzaamheden<\/strong><\/span><\/p><p>Elke wijziging in de werkzaamheden die door de klant tijdens de bouwplaats wordt aangevraagd, zal resulteren in een schriftelijke aanvulling waarin de nieuwe diensten, de nieuwe prijzen en de herziene termijnen worden gespecificeerd.<\/p>\t\t\t\t\t\t\t\t<\/div>\n\t\t\t\t<\/div>\n\t\t\r\n\t\t\t\t<div class=\"elementor-element elementor-element-8d8238d elementor-widget elementor-widget-text-editor\" data-id=\"8d8238d\" data-element_type=\"widget\" data-e-type=\"widget\" data-widget_type=\"text-editor.default\">\n\t\t\t\t<div class=\"elementor-widget-container\">\n\t\t\t\t\t\t\t\t\t<p><span style=\"color: #000000;\"><strong>8. Oplevering van de werkzaamheden<\/strong><\/span><\/p><p>Bij voltooiing van de werkzaamheden zal de klant een oplevering uitvoeren.<\/p><p>De klant kan schriftelijke reserves uiten in geval van niet-conformiteit van de werkzaamheden. Niet-conforme werkzaamheden moeten door het bedrijf worden gecorrigeerd, zonder extra kosten voor de klant, binnen een redelijke termijn.<\/p>\t\t\t\t\t\t\t\t<\/div>\n\t\t\t\t<\/div>\n\t\t\r\n\t\t\t\t<div class=\"elementor-element elementor-element-04ecf94 elementor-widget elementor-widget-text-editor\" data-id=\"04ecf94\" data-element_type=\"widget\" data-e-type=\"widget\" data-widget_type=\"text-editor.default\">\n\t\t\t\t<div class=\"elementor-widget-container\">\n\t\t\t\t\t\t\t\t\t<p><span style=\"color: #000000;\"><strong>9. Verzekering<\/strong><\/span><\/p><p>Het bedrijf verklaart gedekt te zijn door een beroepsaansprakelijkheidsverzekering voor schade die kan optreden tijdens de uitvoering van de werkzaamheden.<\/p>\t\t\t\t\t\t\t\t<\/div>\n\t\t\t\t<\/div>\n\t\t\r\n\t\t\t\t<div class=\"elementor-element elementor-element-9a4ffa3 elementor-widget elementor-widget-text-editor\" data-id=\"9a4ffa3\" data-element_type=\"widget\" data-e-type=\"widget\" data-widget_type=\"text-editor.default\">\n\t\t\t\t<div class=\"elementor-widget-container\">\n\t\t\t\t\t\t\t\t\t<p><span style=\"color: #000000;\"><strong>10. Overmacht<\/strong><\/span><\/p><p>Het bedrijf is niet aansprakelijk voor het niet uitvoeren of vertragen van de werkzaamheden in geval van overmacht (brand, overstroming, staking, extreme weersomstandigheden, enz.). In dit geval zal het bedrijf de klant zo snel mogelijk informeren en zich inspannen om de werkzaamheden zo snel mogelijk te hervatten.<\/p>\t\t\t\t\t\t\t\t<\/div>\n\t\t\t\t<\/div>\n\t\t\r\n\t\t\t\t<div class=\"elementor-element elementor-element-09a3ee1 elementor-widget elementor-widget-text-editor\" data-id=\"09a3ee1\" data-element_type=\"widget\" data-e-type=\"widget\" data-widget_type=\"text-editor.default\">\n\t\t\t\t<div class=\"elementor-widget-container\">\n\t\t\t\t\t\t\t\t\t<p><span style=\"color: #000000;\"><strong>11. Be\u00ebindiging van het contract<\/strong><\/span><br \/><span style=\"color: #f8b322;\"><strong>11.1 Be\u00ebindiging door de klant<\/strong><\/span><\/p><p>De klant kan te allen tijde het contract be\u00ebindigen v\u00f3\u00f3r aanvang van de werkzaamheden. Indien de werkzaamheden reeds zijn gestart, zal de klant een vergoeding verschuldigd zijn aan het bedrijf om de gemaakte kosten te dekken.<\/p>\t\t\t\t\t\t\t\t<\/div>\n\t\t\t\t<\/div>\n\t\t\r\n\t\t\t\t<div class=\"elementor-element elementor-element-3e201bf elementor-widget elementor-widget-text-editor\" data-id=\"3e201bf\" data-element_type=\"widget\" data-e-type=\"widget\" data-widget_type=\"text-editor.default\">\n\t\t\t\t<div class=\"elementor-widget-container\">\n\t\t\t\t\t\t\t\t\t<p><span style=\"color: #f8b322;\"><strong>11.2 Be\u00ebindiging door het bedrijf<\/strong><\/span><\/p><p>Het bedrijf kan ook het contract be\u00ebindigen in geval van niet-betaling, aanzienlijke vertraging in de nakoming van de verplichtingen van de klant of enige andere substanti\u00eble tekortkoming.<\/p>\t\t\t\t\t\t\t\t<\/div>\n\t\t\t\t<\/div>\n\t\t\r\n\t\t\t\t<div class=\"elementor-element elementor-element-f42fc63 elementor-widget elementor-widget-text-editor\" data-id=\"f42fc63\" data-element_type=\"widget\" data-e-type=\"widget\" data-widget_type=\"text-editor.default\">\n\t\t\t\t<div class=\"elementor-widget-container\">\n\t\t\t\t\t\t\t\t\t<p><span style=\"color: #000000;\"><strong>12. Geschillen en bevoegde rechter<\/strong><\/span><\/p><p>In geval van een geschil verbinden de partijen zich ertoe om te proberen het conflict op vreedzame wijze op te lossen. Bij mislukking zal het geschil worden voorgelegd aan de bevoegde rechtbanken op de maatschappelijke zetel van het bedrijf, in overeenstemming met de Belgische wetgeving.<\/p>\t\t\t\t\t\t\t\t<\/div>\n\t\t\t\t<\/div>\n\t\t\r\n\t\t\t\t<div class=\"elementor-element elementor-element-006ab79 elementor-widget elementor-widget-text-editor\" data-id=\"006ab79\" data-element_type=\"widget\" data-e-type=\"widget\" data-widget_type=\"text-editor.default\">\n\t\t\t\t<div class=\"elementor-widget-container\">\n\t\t\t\t\t\t\t\t\t<p><span style=\"color: #000000;\"><strong>13. Diverse bepalingen<\/strong><\/span><\/p><ul><li>Vertrouwelijkheid: De informatie uitgewisseld tussen de partijen is vertrouwelijk en mag niet worden bekendgemaakt zonder de voorafgaande toestemming van de andere partij.<\/li><li>Wijziging van de voorwaarden: Deze voorwaarden kunnen te allen tijde door het bedrijf worden gewijzigd, mits schriftelijke kennisgeving aan de klant.<\/li><li>Scheidbaarheid: Indien een of meer bepalingen van deze voorwaarden ongeldig worden verklaard, blijven de overige bepalingen van kracht.<\/li><\/ul>\t\t\t\t\t\t\t\t<\/div>\n\t\t\t\t<\/div>\n\t\t\r\n\t\t\t\t<div class=\"elementor-element elementor-element-9e1ba2f elementor-widget elementor-widget-text-editor\" data-id=\"9e1ba2f\" data-element_type=\"widget\" data-e-type=\"widget\" data-widget_type=\"text-editor.default\">\n\t\t\t\t<div class=\"elementor-widget-container\">\n\t\t\t\t\t\t\t\t\t<p>Isma Easy Services SRL Lt. Graffplein 15, 1780 Wemmel TVA BE0763857875<\/p><p><a href=\"http:\/\/www.ismaeasy.be\/\">www.ismaeasy.be<\/a><\/p>\t\t\t\t\t\t\t\t<\/div>\n\t\t\t\t<\/div>\n\t\t\t\t\t<\/div>\n\t\t\t\t<\/div>\n\t\t\t\t<\/div>\n\t\t","protected":false},"excerpt":{"rendered":"<p>Algemene Voorwaarden Algemene voorwaarden van Isma Easy Services SRL 1. Doel van het contract Deze algemene voorwaarden zijn van toepassing op alle renovatiewerkzaamheden (schilderwerk, loodgieterij, elektriciteit, metselwerk, bekledingen, enz.) uitgevoerd door het bedrijf voor de klant, in het kader van een dienstverleningsovereenkomst. De uit te voeren werkzaamheden worden gedetailleerd beschreven in de door de klant&#8230;<\/p>\n","protected":false},"author":1,"featured_media":0,"parent":0,"menu_order":0,"comment_status":"closed","ping_status":"closed","template":"elementor_header_footer","meta":{"_monsterinsights_skip_tracking":false,"_monsterinsights_sitenote_active":false,"_monsterinsights_sitenote_note":"","_monsterinsights_sitenote_category":0,"footnotes":""},"class_list":["post-31710","page","type-page","status-publish","hentry"],"_links":{"self":[{"href":"https:\/\/ismaeasy.be\/index.php\/wp-json\/wp\/v2\/pages\/31710","targetHints":{"allow":["GET"]}}],"collection":[{"href":"https:\/\/ismaeasy.be\/index.php\/wp-json\/wp\/v2\/pages"}],"about":[{"href":"https:\/\/ismaeasy.be\/index.php\/wp-json\/wp\/v2\/types\/page"}],"author":[{"embeddable":true,"href":"https:\/\/ismaeasy.be\/index.php\/wp-json\/wp\/v2\/users\/1"}],"replies":[{"embeddable":true,"href":"https:\/\/ismaeasy.be\/index.php\/wp-json\/wp\/v2\/comments?post=31710"}],"version-history":[{"count":11,"href":"https:\/\/ismaeasy.be\/index.php\/wp-json\/wp\/v2\/pages\/31710\/revisions"}],"predecessor-version":[{"id":31731,"href":"https:\/\/ismaeasy.be\/index.php\/wp-json\/wp\/v2\/pages\/31710\/revisions\/31731"}],"wp:attachment":[{"href":"https:\/\/ismaeasy.be\/index.php\/wp-json\/wp\/v2\/media?parent=31710"}],"curies":[{"name":"wp","href":"https:\/\/api.w.org\/{rel}","templated":true}]}}