{"id":30754,"date":"2024-07-06T19:47:07","date_gmt":"2024-07-06T17:47:07","guid":{"rendered":"https:\/\/ismaeasy.be\/?page_id=30754"},"modified":"2024-08-11T00:27:30","modified_gmt":"2024-08-10T22:27:30","slug":"devis","status":"publish","type":"page","link":"https:\/\/ismaeasy.be\/index.php\/devis\/","title":{"rendered":"Devis"},"content":{"rendered":"\t\t<div data-elementor-type=\"wp-page\" data-elementor-id=\"30754\" class=\"elementor elementor-30754\" data-elementor-post-type=\"page\">\n\t\t\t\t\r\n\t\t<div class=\"default no-position show_shadow rs-sticky-default elementor-element elementor-element-d881879 e-flex e-con-boxed e-con e-parent\" data-id=\"d881879\" data-element_type=\"container\" data-e-type=\"container\" data-settings=\"{&quot;background_background&quot;:&quot;classic&quot;}\">\n\t\t\t\t\t<div class=\"e-con-inner\">\n\t\t\r\n\t\t\t\t<div class=\"elementor-element elementor-element-41f18fc elementor-widget elementor-widget-heading\" data-id=\"41f18fc\" data-element_type=\"widget\" data-e-type=\"widget\" data-widget_type=\"heading.default\">\n\t\t\t\t<div class=\"elementor-widget-container\">\n\t\t\t\t\t<h2 class=\"elementor-heading-title elementor-size-default\">Devis<\/h2>\t\t\t\t<\/div>\n\t\t\t\t<\/div>\n\t\t\t\t\t<\/div>\n\t\t\t\t<\/div>\n\t\t\r\n\t\t<div class=\"default no-position show_shadow rs-sticky-default elementor-element elementor-element-78bede4 e-flex e-con-boxed e-con e-parent\" data-id=\"78bede4\" data-element_type=\"container\" data-e-type=\"container\">\n\t\t\t\t\t<div class=\"e-con-inner\">\n\t\t\r\n\t\t\t\t<div class=\"elementor-element elementor-element-24b21e9 elementor-widget elementor-widget-rs-heading\" data-id=\"24b21e9\" data-element_type=\"widget\" data-e-type=\"widget\" data-widget_type=\"rs-heading.default\">\n\t\t\t\t<div class=\"elementor-widget-container\">\n\t\t\t\t\t\n\t\t<div class=\"prelements-heading style1  center\">\n\t\t\t<div class=\"title-inner\">\n\t\t\t\t\t\t\t\t\t<span class=\"sub-text\">\n\t\t\t\t\t\t\t\t\t\t\t\tDevis\t\t\t\t\t<\/span>\n\t\t\t\t<h2 class=\"title rs-split-text-disable \">Envoyez-nous votre demande ?<\/h2>\n\t\t\t<\/div>\n\t\t\t\t\t\t\t<div class=\"description\">\n\t\t\t\t\t<p>N'h\u00e9sitez pas \u00e0 introduire votre demande via notre page de devis<\/p>\t\t\t\t<\/div>\n\t\t\t\t\t<\/div>\n\t\t\t\t<\/div>\n\t\t\t\t<\/div>\n\t\t\t\t\t<\/div>\n\t\t\t\t<\/div>\n\t\t\r\n\t\t<div class=\"default no-position show_shadow rs-sticky-default elementor-element elementor-element-739cf80 e-flex e-con-boxed e-con e-parent\" data-id=\"739cf80\" data-element_type=\"container\" data-e-type=\"container\">\n\t\t\t\t\t<div class=\"e-con-inner\">\n\t\t\r\n\t\t<div class=\"default no-position show_shadow rs-sticky-default elementor-element elementor-element-701232c e-con-full e-flex e-con e-child\" data-id=\"701232c\" data-element_type=\"container\" data-e-type=\"container\">\n\t\t\r\n\t\t\t\t<div class=\"elementor-element elementor-element-78d0e90 elementor-widget elementor-widget-rs-service-grid\" data-id=\"78d0e90\" data-element_type=\"widget\" data-e-type=\"widget\" data-widget_type=\"rs-service-grid.default\">\n\t\t\t\t<div class=\"elementor-widget-container\">\n\t\t\t\t\t\r\n\t\t<div class=\"rs-addon-services style3\">\r\n\t\t\t<div class=\"services-inner  box\">\r\n    \r\n    <div class=\"content_part\">\r\n                    <div class=\"media_wrap\">\r\n                                    \r\n                        <div class=\"icon_style media-cmn normal\">\r\n\r\n                            <svg xmlns=\"http:\/\/www.w3.org\/2000\/svg\" xmlns:xlink=\"http:\/\/www.w3.org\/1999\/xlink\" id=\"Calque_1\" x=\"0px\" y=\"0px\" viewBox=\"0 0 512 512\" style=\"enable-background:new 0 0 512 512;\" xml:space=\"preserve\"><path d=\"M56.59,460.6c-4.97-2.81-5.73-4.81-3.6-10.07c2.69-6.65,5.45-13.27,8.24-19.88c1.88-4.43,4.88-6.06,8.26-4.65 c3.41,1.42,4.5,4.8,2.81,9.09c-1.7,4.3-3.52,8.56-5.57,13.5c3.71,0,6.94,0,10.17,0c9.18,0,18.36,0.07,27.54-0.09 c1.26-0.02,3.21-0.92,3.63-1.92c6.67-15.78,13.15-31.64,19.66-47.49c0.14-0.35,0.11-0.76,0.22-1.56c-8.72,0-17.31-0.02-25.91,0.01 c-4.65,0.01-10.28-1.48-13.67,0.62c-3.15,1.96-3.91,7.77-5.73,11.89c-1.91,4.32-5,6-8.34,4.52c-3.46-1.53-4.49-4.71-2.66-9.15 c13-31.56,26.08-63.1,39.04-94.67c1.58-3.84,4.31-4.97,8.14-4.96c17.03,0.06,34.06,0.03,51.09,0.03c1.46,0,2.91,0,5.37,0 c-1.37-2.01-2.33-3.46-3.34-4.87c-15.08-21.24-27.73-43.76-35.99-68.58c-9.59-28.81-12.02-57.99-3.38-87.45 c7.58-25.86,21.99-47.37,42.88-64.39c19.12-15.58,41.04-24.99,65.52-27.8c32.18-3.69,61.85,3.65,88.46,22.21 c23.17,16.16,39.4,37.77,48.59,64.52c8.58,24.95,8.98,50.3,3.14,75.88c-6.74,29.48-20.38,55.76-37.21,80.58 c-2.07,3.06-4.21,6.07-6.72,9.69c1.94,0.09,3.31,0.21,4.68,0.21c17.03,0.01,34.06,0,51.09,0.01c5.82,0,6.99,0.81,9.24,6.26 c18.87,45.66,37.74,91.33,56.62,136.99c0.5,1.21,1.14,2.35,1.72,3.53c0,2.66,0,5.32,0,7.98C325.93,460.6,191.26,460.6,56.59,460.6z  M256.07,374.19c19.22-16.33,36.68-33.44,52.62-52.08c25.79-30.17,47.51-62.73,58.65-101.37c6.05-21.01,7.84-42.3,3.16-63.84 c-5.51-25.36-17.9-46.81-37.47-63.87c-26.07-22.74-56.55-32.26-90.83-28.27c-29.45,3.43-54.12,16.75-73.63,39.11 c-22.52,25.82-31.77,56.14-28.7,90.07c2.18,24.03,10.46,46.31,21.67,67.49c19.08,36.03,45.19,66.57,74.49,94.56 C242.47,362.13,249.19,367.95,256.07,374.19z M120.31,448.59c6.33,0,12.15-0.19,17.94,0.07c3.23,0.14,4.86-0.81,6.12-3.94 c8.7-21.56,17.64-43.02,26.5-64.52c4.51-10.93,8.97-21.88,13.56-32.78c2.36-5.6,6.3-6.53,11.02-2.82c0.63,0.49,1.22,1.04,1.82,1.55 c39.42,33.55,78.83,67.09,118.26,100.62c0.88,0.74,1.99,1.7,3.01,1.71c10.98,0.12,21.97,0.08,32.95,0.08 c0.18-0.31,0.37-0.63,0.55-0.94c-1.01-0.77-2.08-1.48-3.03-2.32c-9.33-8.13-18.64-16.28-27.96-24.43 c-9.22-8.06-18.44-16.1-27.64-24.18c-2.13-1.87-3.44-4.08-2.34-7.05c1.13-3.05,3.46-4.19,6.56-4.13c1.06,0.02,2.13,0,3.19,0 c38.06,0,76.11,0,114.17,0c1.38,0,2.76,0,4.63,0c-2.5-6.07-4.81-11.41-6.88-16.86c-0.84-2.22-2.05-2.97-4.41-2.95 c-10.64,0.12-21.29,0.09-31.94,0.03c-4.58-0.03-7.07-2.09-7.21-5.7c-0.14-3.72,2.53-6.22,7.15-6.28c8.25-0.11,16.5-0.03,24.75-0.04 c1.64,0,3.29,0,5.43,0c-4.7-11.36-9.22-21.98-13.47-32.7c-1.02-2.58-2.39-3.25-5.01-3.23c-18.89,0.11-37.79-0.02-56.68,0.17 c-1.91,0.02-4.32,1.19-5.63,2.62c-9,9.79-17.77,19.8-26.6,29.74c-0.83,0.93-1.62,1.89-2.91,3.4c2.26,0,3.71,0,5.15,0 c15.57,0,31.14-0.02,46.71,0.03c1.71,0,3.5,0.11,5.1,0.62c2.74,0.87,3.94,3.04,3.75,5.88c-0.2,2.86-1.77,4.72-4.58,5.26 c-1.55,0.3-3.18,0.23-4.77,0.23c-20.23,0.01-40.45-0.05-60.68,0.1c-1.89,0.01-4.12,0.92-5.59,2.14 c-6.54,5.45-12.81,11.22-19.28,16.75c-4.89,4.18-6.73,4.12-11.77-0.06c-22.49-18.66-43.08-39.25-61.52-61.92 c-3.14-3.86-6.26-5.48-11.09-5.03c-2.42,0.23-3.72,0.76-4.68,3.16c-5.19,12.95-10.58,25.81-15.92,38.7 c-2.28,5.52-3.21,6.15-9.26,6.15c-14.5,0.01-29.01-0.04-43.51,0.08c-1.34,0.01-3.45,0.65-3.89,1.6c-2.68,5.75-4.98,11.67-7.63,18.08 c1.85,0,3.13,0,4.41,0c12.51,0,25.02-0.01,37.52,0c7.67,0.01,10.12,3.63,7.22,10.72c-3.53,8.61-7.12,17.18-10.67,25.78 C127.66,430.72,124.09,439.42,120.31,448.59z M298.92,448.41c-35.74-30.41-70.66-60.12-106-90.19 c-12.52,30.32-24.83,60.14-37.24,90.19C203.53,448.41,250.7,448.41,298.92,448.41z M313.02,397.54c0.88,1.01,1.1,1.34,1.4,1.59 c18.22,15.94,36.41,31.91,54.72,47.75c1.23,1.07,3.3,1.62,4.99,1.64c16.76,0.12,33.52,0.07,50.28,0.07c6.89,0,13.78,0,21.11,0 c-0.6-1.58-1.02-2.81-1.51-4c-5.96-14.49-12-28.96-17.83-43.5c-1.11-2.76-2.53-3.64-5.54-3.63c-34.45,0.13-68.91,0.08-103.36,0.08 C316.12,397.54,314.96,397.54,313.02,397.54z M161.35,317.87c-13.28,0-25.75-0.08-38.22,0.12c-1.21,0.02-2.93,1.53-3.48,2.76 c-2.88,6.41-5.46,12.95-8.14,19.44c-1.81,4.37-3.61,8.74-5.59,13.55c13.3,0,26.03,0.03,38.76-0.06c0.81-0.01,2.06-0.75,2.37-1.47 C151.8,341.01,156.43,329.76,161.35,317.87z\"><\/path><path d=\"M256.02,237.05c-40.47-0.11-67.2-43.37-49.23-79.67c1.95-3.95,5.13-5.41,8.38-3.86c3.12,1.49,4.23,4.95,2.4,8.92 c-5.98,13.02-6.39,26.14,0.34,38.8c8.21,15.44,21.27,24.01,39.04,23.69c17.77-0.32,30.71-9.28,38.14-25.08 c7.4-15.73,5.6-31.18-5.33-44.94c-14.01-17.63-36.38-21.61-55.77-10.32c-0.69,0.4-1.36,0.84-2.07,1.2c-3.7,1.86-6.88,1.1-8.61-2.04 c-1.62-2.94-0.7-6.07,2.52-8.23c6.73-4.5,14.13-7.46,22.1-8.62c28.78-4.2,55.28,14.07,61.83,42.46 C317.75,203.97,291.4,237.15,256.02,237.05z\"><\/path><\/svg>                        <\/div>\r\n\r\n                    \r\n                                                <\/div>\r\n        \r\n                    <div class=\"services-title\">\r\n                                    <h4 class=\"title\"> Adresse<\/h4>\r\n                            <\/div>\r\n        \r\n                    <div class=\"desc-text\">\r\n                Place Lt. Graff 15 ,1780 Wemmel <br \/>\nBelgique            <\/div>\r\n        \r\n            <\/div>\r\n<\/div>\t\t<\/div>\r\n\r\n\t\t\t\t<\/div>\n\t\t\t\t<\/div>\n\t\t\t\t<\/div>\n\t\t\r\n\t\t<div class=\"default no-position show_shadow rs-sticky-default elementor-element elementor-element-9c44ecf e-con-full e-flex e-con e-child\" data-id=\"9c44ecf\" data-element_type=\"container\" data-e-type=\"container\">\n\t\t\r\n\t\t\t\t<div class=\"elementor-element elementor-element-023d42a elementor-widget elementor-widget-rs-service-grid\" data-id=\"023d42a\" data-element_type=\"widget\" data-e-type=\"widget\" data-widget_type=\"rs-service-grid.default\">\n\t\t\t\t<div class=\"elementor-widget-container\">\n\t\t\t\t\t\r\n\t\t<div class=\"rs-addon-services style3\">\r\n\t\t\t<div class=\"services-inner  box\">\r\n    \r\n    <div class=\"content_part\">\r\n                    <div class=\"media_wrap\">\r\n                                    \r\n                        <div class=\"icon_style media-cmn normal\">\r\n\r\n                            <svg xmlns=\"http:\/\/www.w3.org\/2000\/svg\" xmlns:xlink=\"http:\/\/www.w3.org\/1999\/xlink\" id=\"Calque_1\" x=\"0px\" y=\"0px\" viewBox=\"0 0 512 512\" style=\"enable-background:new 0 0 512 512;\" xml:space=\"preserve\"><path d=\"M91.26,226.55c9.32,7.99,18.2,15.61,27.08,23.23c42.99,36.86,85.98,73.73,128.97,110.59c6.02,5.16,10.56,5.2,16.57,0.05 c51.33-44,102.65-88.02,153.96-132.03c0.56-0.48,1.07-1.01,2.01-1.92c-3.84-3.36-7.64-6.55-11.27-9.91 c-1.24-1.14-2.86-2.71-2.89-4.12c-0.04-1.99,0.69-4.7,2.1-5.81c1.42-1.11,4.83-1.64,6.07-0.71c9.48,7.1,19.35,14.09,21.03,27.26 c0.27,2.09,0.35,4.23,0.35,6.34c0.02,54.91,0.02,109.81,0.01,164.72c0,19.25-12.64,31.93-31.82,31.93 c-98.54,0.01-197.08,0.01-295.62,0c-19.21,0-31.87-12.67-31.87-31.88C75.94,349.39,76,294.48,75.9,239.57 c-0.02-10.56,3.63-19.18,11.77-25.91c2.5-2.07,4.9-4.25,7.4-6.32c3.45-2.86,6.87-2.89,9.27-0.17c2.53,2.88,1.98,6.2-1.63,9.39 C99,219.85,95.24,223.08,91.26,226.55z M200.74,336.25c-33.7,28.91-67.22,57.66-101.53,87.09c3.29,0.38,5.37,0.82,7.46,0.82 c99.27,0.03,198.55,0.03,297.82,0c2.14,0,4.27-0.49,7.48-0.89c-34.32-29.44-67.78-58.14-101.39-86.97c-1.1,0.9-2.06,1.66-2.99,2.46 c-12.12,10.39-24.23,20.8-36.37,31.16c-9.96,8.51-21.19,8.52-31.13,0.05c-7.4-6.31-14.76-12.67-22.15-19 C212.27,346.11,206.6,341.26,200.74,336.25z M89.64,415.75c34.61-29.68,68.16-58.46,101.91-87.41 c-34.62-29.68-68.82-59-103.62-88.84c0,2.45,0,3.92,0,5.4c0,53.04-0.03,106.08,0.07,159.11C88,407.6,88.98,411.19,89.64,415.75z  M421.5,415.66c0.7-4.25,1.72-7.6,1.72-10.96c0.1-53.78,0.07-107.56,0.06-161.34c0-1.03-0.14-2.07-0.26-3.63 c-34.68,29.75-68.9,59.1-103.32,88.63C353.59,357.41,387.07,386.13,421.5,415.66z\"><\/path><path d=\"M285.55,190.25c16.84,1.62,23.73,6.8,23.93,17.77c0.11,6.16-2.41,11.08-7.23,14.89c-4.85,3.84-10.63,3.67-16.7,3.62 c0,6.25,0,12.21,0,18.16c0,5.86,0.33,11.76-0.19,17.57c-0.18,2.02-2.11,4.74-3.93,5.52c-1.62,0.69-4.98-0.14-6.24-1.52 c-13.25-14.42-30.23-19.97-49.52-21.61c0,2.77,0,5.35,0,7.93c0,7.24,0.07,14.47-0.02,21.71c-0.14,10.24-8.06,18.13-18.04,18.09 c-9.93-0.04-17.77-7.99-17.85-18.27c-0.08-9.48-0.08-18.96,0.02-28.44c0.02-2.22-0.42-3.44-2.71-4.47 c-15.86-7.16-24.13-23.88-20.39-40.71c3.61-16.27,18.12-27.6,35.29-27.96c11.57-0.25,23.24-0.14,34.66-1.69 c14.77-2,27.85-8.34,38.03-19.72c1.91-2.14,4.18-3.16,7-2.04c2.77,1.1,3.89,3.3,3.89,6.2C285.54,166.86,285.55,178.44,285.55,190.25 z M273.35,248.51c0-26.95,0-53.21,0-80.05c-14.58,10-30.37,15.05-47.43,15.91c0,16.3,0,32.21,0,48.35 C243.2,233.42,258.81,238.71,273.35,248.51z M213.55,184.63c-4.94,0-9.55-0.31-14.11,0.06c-11.56,0.93-20.88,10.61-21.63,22.09 c-0.77,11.89,7.01,22.73,18.63,24.91c5.52,1.04,11.29,0.73,17.11,1.04C213.55,216.37,213.55,200.71,213.55,184.63z M213.64,244.66 c-4.23,0-7.91,0-11.88,0c0,10.24-0.14,20.29,0.08,30.33c0.07,3.24,2.39,5.12,5.67,5.36c3.07,0.22,6.01-2.13,6.07-5.35 C213.75,264.96,213.64,254.91,213.64,244.66z M285.69,214.44c4.17-0.15,8.67,1.42,10.89-3.13c0.81-1.65,0.64-4.59-0.35-6.15 c-2.5-3.95-6.69-2.49-10.54-2.45C285.69,206.65,285.69,210.32,285.69,214.44z\"><\/path><path d=\"M255.7,112.65c35.18,0,70.36-0.01,105.54,0c19.5,0.01,32.1,12.57,32.11,32.02c0.02,27.83,0,55.66,0,83.49 c0,1,0.05,2-0.05,2.99c-0.34,3.27-2.83,5.65-5.89,5.68c-3.04,0.03-5.63-2.34-5.98-5.57c-0.12-1.11-0.06-2.24-0.06-3.37 c0-27.71,0-55.41,0-83.12c0-12.99-7.15-20.15-20.13-20.15c-70.48,0-140.96,0-211.45,0c-12.71,0-19.94,7.24-19.94,19.96 c-0.01,27.83,0,55.66-0.01,83.49c0,1.25,0.12,2.53-0.13,3.73c-0.63,3.05-2.63,4.78-5.72,4.99c-2.87,0.2-5.53-2.11-6.01-5.1 c-0.17-1.1-0.1-2.24-0.1-3.36c0-27.95-0.02-55.91,0-83.86c0.01-19.19,12.68-31.83,31.92-31.83 C185.1,112.64,220.4,112.65,255.7,112.65z\"><\/path><path d=\"M255.5,75.71c4.77,1.97,9.46,3.31,13.5,5.73c3.79,2.27,6.98,5.6,10.29,8.61c2.72,2.48,2.95,5.78,0.86,8.35 c-2.19,2.69-5.61,3.02-8.62,0.64c-2.92-2.32-5.68-4.86-8.56-7.24c-4.99-4.12-9.8-4.09-14.83,0.07c-2.78,2.3-5.44,4.75-8.26,7.01 c-3.07,2.47-6.37,2.3-8.67-0.27c-2.29-2.56-2.09-6.02,0.77-8.62c3.32-3.01,6.53-6.3,10.31-8.6 C246.23,79.02,250.79,77.68,255.5,75.71z\"><\/path><path d=\"M345.41,179.81c-0.62,0.8-1.54,2.89-3.15,3.85c-3.93,2.36-8.12,4.33-12.3,6.22c-3.26,1.47-6.39,0.2-7.84-2.82 c-1.37-2.87-0.5-6.04,2.5-7.68c4.14-2.26,8.36-4.43,12.69-6.29C341.23,171.41,345.4,174.39,345.41,179.81z\"><\/path><path d=\"M345.41,237.23c-0.03,5.26-4.05,8.36-7.78,6.81c-4.58-1.9-9.06-4.14-13.35-6.63c-2.78-1.61-3.57-4.4-2.15-7.47 c1.35-2.93,4.46-4.28,7.5-2.94c4.31,1.92,8.6,3.95,12.65,6.37C343.88,234.32,344.79,236.43,345.41,237.23z\"><\/path><path d=\"M333.31,214.48c-2,0-4,0.12-5.98-0.03c-3.51-0.25-5.9-2.84-5.81-6.09c0.08-3.12,2.39-5.63,5.73-5.77 c4.11-0.18,8.23-0.17,12.34-0.01c3.51,0.14,5.9,2.81,5.82,6.07c-0.08,3.1-2.41,5.47-5.74,5.81c-0.25,0.03-0.5,0.02-0.75,0.02 c-1.87,0-3.74,0-5.61,0C333.31,214.49,333.31,214.48,333.31,214.48z\"><\/path><\/svg>                        <\/div>\r\n\r\n                    \r\n                                                <\/div>\r\n        \r\n                    <div class=\"services-title\">\r\n                                    <h4 class=\"title\"> Adresse E-mail<\/h4>\r\n                            <\/div>\r\n        \r\n                    <div class=\"desc-text\">\r\n                <a href=\"mailto:isma.easyservices@gmail.com\">isma.easyservices@gmail.com<\/a><br \/><br \/>            <\/div>\r\n        \r\n            <\/div>\r\n<\/div>\t\t<\/div>\r\n\r\n\t\t\t\t<\/div>\n\t\t\t\t<\/div>\n\t\t\t\t<\/div>\n\t\t\r\n\t\t<div class=\"default no-position show_shadow rs-sticky-default elementor-element elementor-element-9d44ac3 e-con-full e-flex e-con e-child\" data-id=\"9d44ac3\" data-element_type=\"container\" data-e-type=\"container\">\n\t\t\r\n\t\t\t\t<div class=\"elementor-element elementor-element-0fcca45 elementor-widget elementor-widget-rs-service-grid\" data-id=\"0fcca45\" data-element_type=\"widget\" data-e-type=\"widget\" data-widget_type=\"rs-service-grid.default\">\n\t\t\t\t<div class=\"elementor-widget-container\">\n\t\t\t\t\t\r\n\t\t<div class=\"rs-addon-services style3\">\r\n\t\t\t<div class=\"services-inner  box\">\r\n    \r\n    <div class=\"content_part\">\r\n                    <div class=\"media_wrap\">\r\n                                    \r\n                        <div class=\"icon_style media-cmn normal\">\r\n\r\n                            <svg xmlns=\"http:\/\/www.w3.org\/2000\/svg\" xmlns:xlink=\"http:\/\/www.w3.org\/1999\/xlink\" id=\"Calque_1\" x=\"0px\" y=\"0px\" viewBox=\"0 0 512 512\" style=\"enable-background:new 0 0 512 512;\" xml:space=\"preserve\"><path d=\"M66,170.92c0.55-4.37,0.86-8.79,1.71-13.1c2.14-10.74,6.93-20.24,14.61-28.09c10.15-10.39,19.95-21.21,30.88-30.72 c16.65-14.48,34.72-14.4,50.74,0.62c17.05,15.98,33.4,32.76,49.34,49.87c11.83,12.7,11.71,32.18,0.23,45.25 c-8.52,9.69-17.9,18.63-27.05,27.75c-1.77,1.76-2.11,2.91-0.95,5.25c9.16,18.54,22.1,34.29,36.09,49.25 c14.35,15.34,30.13,29.05,47.88,40.36c5.05,3.22,10.46,5.88,16.08,9.01c6.89-6.97,13.43-14,20.43-20.54 c5.09-4.75,10.32-9.69,16.32-13.06c12.6-7.08,27.98-5.29,38.39,4.73c17.46,16.82,34.68,33.92,51.29,51.56 c12.35,13.11,12.45,32.96,0.51,46.54c-10.47,11.91-21.67,23.22-33.06,34.26c-8.71,8.44-19.63,12.92-31.7,14.48 c-0.83,0.11-1.63,0.45-2.45,0.69c-4.68,0-9.36,0-14.04,0c-0.81-0.22-1.62-0.5-2.44-0.66c-7.97-1.45-16.07-2.37-23.89-4.42 c-27.74-7.27-53.04-20.17-77.08-35.39c-60.3-38.16-106.7-89.19-139.1-152.79c-9.11-17.89-16.25-36.61-20.16-56.39 c-1.26-6.36-1.75-12.87-2.59-19.31C66,174.37,66,172.64,66,170.92z M87.75,174.08c0.4,4.28,0.74,8.57,1.22,12.85 c0.22,1.95,0.7,3.87,1.13,5.79c5.84,26.09,16.77,50.1,30.71,72.71c37.08,60.16,86.43,107.2,150.13,138.55 c19.61,9.65,39.85,17.44,61.93,19.36c13.61,1.18,25.57-2.05,35.27-12.18c8-8.36,16.18-16.54,24.25-24.83 c1.2-1.23,2.36-2.52,3.41-3.88c5.18-6.74,5.2-13.79-0.53-20.11c-5.79-6.37-12.01-12.36-18.09-18.46 c-9.47-9.51-18.91-19.04-28.5-28.43c-6.94-6.8-14.32-6.84-21.6-0.41c-1.11,0.98-2.16,2.02-3.2,3.06 c-8.45,8.43-16.85,16.92-25.36,25.3c-5.92,5.82-12.52,7.23-19.56,3.73c-7.15-3.55-14.26-7.28-21-11.54 c-23.06-14.59-42.95-32.89-60.82-53.42c-12.23-14.05-23.4-28.87-31.33-45.86c-6.72-14.37-5.82-18.29,5.71-29.41 c8.24-7.94,16.43-15.95,24.28-24.28c6.42-6.81,6.22-13.64,0.17-20.78c-0.72-0.84-1.46-1.67-2.24-2.45 c-14.35-14.38-28.68-28.77-43.08-43.1c-1.64-1.63-3.51-3.16-5.53-4.26c-6.32-3.46-12.76-1.98-19.28,4.43 c-8.17,8.02-16.05,16.34-24.35,24.22C91.87,149.83,87.29,160.83,87.75,174.08z\"><\/path><path d=\"M276.24,66.76c4.53,0.93,10,1.82,15.35,3.18c32.78,8.31,61.91,23.55,87.08,46.22c26.12,23.52,45.33,51.73,56.66,85.02 c3.55,10.43,5.85,21.31,8.3,32.08c1.4,6.14-2.18,11.13-8.05,12.46c-5.52,1.25-10.93-1.8-12.55-7.56 c-1.69-6.03-2.72-12.24-4.37-18.27c-11.13-40.64-34-73.35-67.55-98.55c-21.95-16.49-46.61-27.22-73.62-32.42 c-2.05-0.39-4.13-0.78-6.07-1.52c-4.8-1.82-7.51-6.87-6.6-11.91C265.73,70.57,270.27,66.79,276.24,66.76z\"><\/path><path d=\"M273.38,135.44c9.77,1.5,19.95,4.29,29.58,8.78c39.42,18.35,63.54,48.85,72.27,91.48c1.29,6.32-2.12,11.95-8.02,13.36 c-5.61,1.33-11.1-2.15-12.94-8.22c-2.46-8.09-4.04-16.59-7.52-24.21c-14.85-32.55-40.1-52.42-75.19-59.69 c-6.37-1.32-9.81-5.03-9.87-10.56C261.6,140.14,266.38,135.36,273.38,135.44z\"><\/path><\/svg>                        <\/div>\r\n\r\n                    \r\n                                                <\/div>\r\n        \r\n                    <div class=\"services-title\">\r\n                                    <h4 class=\"title\"> Num\u00e9ro de t\u00e9l\u00e9phone<\/h4>\r\n                            <\/div>\r\n        \r\n                    <div class=\"desc-text\">\r\n                <a href=\"tel:0032 488 81 55 66\">(+32) 488 81 55 66 <\/a><br \/><br \/>            <\/div>\r\n        \r\n            <\/div>\r\n<\/div>\t\t<\/div>\r\n\r\n\t\t\t\t<\/div>\n\t\t\t\t<\/div>\n\t\t\t\t<\/div>\n\t\t\t\t\t<\/div>\n\t\t\t\t<\/div>\n\t\t\r\n\t\t<div class=\"default no-position show_shadow rs-sticky-default elementor-element elementor-element-b289e2c e-flex e-con-boxed e-con e-parent\" data-id=\"b289e2c\" data-element_type=\"container\" data-e-type=\"container\">\n\t\t\t\t\t<div class=\"e-con-inner\">\n\t\t\r\n\t\t<div class=\"default no-position show_shadow rs-sticky-default elementor-element elementor-element-a12073c e-flex e-con-boxed e-con e-child\" data-id=\"a12073c\" data-element_type=\"container\" data-e-type=\"container\" data-settings=\"{&quot;background_background&quot;:&quot;classic&quot;}\">\n\t\t\t\t\t<div class=\"e-con-inner\">\n\t\t\r\n\t\t\t\t<div class=\"elementor-element elementor-element-0f44b66 elementor-widget__width-initial elementor-widget-mobile__width-inherit elementor-widget elementor-widget-rs-heading\" data-id=\"0f44b66\" data-element_type=\"widget\" data-e-type=\"widget\" data-widget_type=\"rs-heading.default\">\n\t\t\t\t<div class=\"elementor-widget-container\">\n\t\t\t\t\t\n\t\t<div class=\"prelements-heading style1  center\">\n\t\t\t<div class=\"title-inner\">\n\t\t\t\t<h2 class=\"title rs-split-text-disable \">Voulez-vous un devis ?\n<\/h2>\n\t\t\t<\/div>\n\t\t\t\t\t<\/div>\n\t\t\t\t<\/div>\n\t\t\t\t<\/div>\n\t\t\r\n\t\t\t\t<div class=\"elementor-element elementor-element-c99acaa elementor-widget elementor-widget-rs-cf7\" data-id=\"c99acaa\" data-element_type=\"widget\" data-e-type=\"widget\" data-widget_type=\"rs-cf7.default\">\n\t\t\t\t<div class=\"elementor-widget-container\">\n\t\t\t\t\t\n<div class=\"wpcf7 no-js\" id=\"wpcf7-f30756-o1\" lang=\"en-US\" dir=\"ltr\" data-wpcf7-id=\"30756\">\n<div class=\"screen-reader-response\"><p role=\"status\" aria-live=\"polite\" aria-atomic=\"true\"><\/p> <ul><\/ul><\/div>\n<form action=\"\/index.php\/wp-json\/wp\/v2\/pages\/30754#wpcf7-f30756-o1\" method=\"post\" class=\"wpcf7-form init\" aria-label=\"Contact form\" novalidate=\"novalidate\" data-status=\"init\">\n<fieldset class=\"hidden-fields-container\"><input type=\"hidden\" name=\"_wpcf7\" value=\"30756\" \/><input type=\"hidden\" name=\"_wpcf7_version\" value=\"6.1.5\" \/><input type=\"hidden\" name=\"_wpcf7_locale\" value=\"en_US\" \/><input type=\"hidden\" name=\"_wpcf7_unit_tag\" value=\"wpcf7-f30756-o1\" \/><input type=\"hidden\" name=\"_wpcf7_container_post\" value=\"0\" \/><input type=\"hidden\" name=\"_wpcf7_posted_data_hash\" value=\"\" \/>\n<\/fieldset>\n<div class=\"row\">\n\t<div class=\"col-md-6\">\n\t\t<p><span class=\"wpcf7-form-control-wrap\" data-name=\"your-name\"><input size=\"40\" maxlength=\"400\" class=\"wpcf7-form-control wpcf7-text\" aria-invalid=\"false\" placeholder=\"Nom et pr\u00e9nom\" value=\"\" type=\"text\" name=\"your-name\" \/><\/span>\n\t\t<\/p>\n\t<\/div>\n\t<div class=\"col-md-6\">\n\t\t<p><span class=\"wpcf7-form-control-wrap\" data-name=\"your-email\"><input size=\"40\" maxlength=\"400\" class=\"wpcf7-form-control wpcf7-email wpcf7-validates-as-required wpcf7-text wpcf7-validates-as-email\" aria-required=\"true\" aria-invalid=\"false\" placeholder=\"Adresse e-mail\" value=\"\" type=\"email\" name=\"your-email\" \/><\/span>\n\t\t<\/p>\n\t<\/div>\n\t<div class=\"col-md-6\">\n\t\t<p><span class=\"wpcf7-form-control-wrap\" data-name=\"phone-number\"><input size=\"40\" maxlength=\"400\" class=\"wpcf7-form-control wpcf7-text\" aria-invalid=\"false\" placeholder=\"Votre Num\u00e9ro de t\u00e9l\u00e9phone\" value=\"\" type=\"text\" name=\"phone-number\" \/><\/span>\n\t\t<\/p>\n\t<\/div>\n\t<div class=\"col-md-6\">\n\t\t<p><span class=\"wpcf7-form-control-wrap\" data-name=\"services\"><select class=\"wpcf7-form-control wpcf7-select wpcf7-validates-as-required\" aria-required=\"true\" aria-invalid=\"false\" name=\"services\"><option value=\"Choisir Votre services\">Choisir Votre services<\/option><option value=\"R\u00e9novation et Construction\">R\u00e9novation et Construction<\/option><option value=\"Plomberie et Chauffage\">Plomberie et Chauffage<\/option><option value=\"\u00c9lectricit\u00e9\">\u00c9lectricit\u00e9<\/option><option value=\"Peinture\">Peinture<\/option><option value=\"Mobilier sur Mesure\">Mobilier sur Mesure<\/option><option value=\"Rev\u00eatement de Sol\">Rev\u00eatement de Sol<\/option><\/select><\/span>\n\t\t<\/p>\n\t<\/div>\n\t<div class=\"col-12\">\n\t\t<p><span class=\"wpcf7-form-control-wrap\" data-name=\"your-message\"><textarea cols=\"40\" rows=\"10\" maxlength=\"2000\" class=\"wpcf7-form-control wpcf7-textarea\" aria-invalid=\"false\" placeholder=\"Votre message ...\" name=\"your-message\"><\/textarea><\/span>\n\t\t<\/p>\n\t\t<div class=\"col-12\">\n\t\t\t<p><div id=\"cf7sr-69e59c1387f21\" class=\"cf7sr-g-recaptcha\" data-theme=\"light\" data-type=\"image\" data-size=\"normal\" data-sitekey=\"6Lcwog0qAAAAAFhKhL6Aa70kxzi0qncGv8ueHE-T\"><\/div><span class=\"wpcf7-form-control-wrap cf7sr-recaptcha\" data-name=\"cf7sr-recaptcha\"><input type=\"hidden\" name=\"cf7sr-recaptcha\" value=\"\" class=\"wpcf7-form-control\"><\/span>\n\t\t\t<\/p>\n\t\t\t<div class=\"form-btn-area\">\n\t\t\t\t<p><input class=\"wpcf7-form-control wpcf7-submit has-spinner\" type=\"submit\" value=\"Envoyer\" \/><br \/>\n<svg xmlns=\"http:\/\/www.w3.org\/2000\/svg\" width=\"18\" height=\"12\" viewBox=\"0 0 18 12\" fill=\"none\"><path fill-rule=\"evenodd\" clip-rule=\"evenodd\" d=\"M0 6C0 5.66249 0.273604 5.38889 0.611111 5.38889L15.0246 5.38889L11.179 1.54323C10.9403 1.30458 10.9403 0.917644 11.179 0.67899C11.4176 0.440336 11.8046 0.440336 12.0432 0.67899L16.9321 5.56788C17.1708 5.80653 17.1708 6.19347 16.9321 6.43212L12.0432 11.321C11.8046 11.5597 11.4176 11.5597 11.179 11.321C10.9403 11.0824 10.9403 10.6954 11.179 10.4568L15.0246 6.61111L0.611111 6.61111C0.273604 6.61111 0 6.33751 0 6Z\" fill=\"#616161\"><\/path><\/svg>\n\t\t\t\t<\/p>\n\t\t\t<\/div>\n\t\t<\/div>\n\t<\/div>\n<\/div>\n<p style=\"display: none !important;\" class=\"akismet-fields-container\" data-prefix=\"_wpcf7_ak_\"><label>&#916;<textarea name=\"_wpcf7_ak_hp_textarea\" cols=\"45\" rows=\"8\" maxlength=\"100\"><\/textarea><\/label><input type=\"hidden\" id=\"ak_js_1\" name=\"_wpcf7_ak_js\" value=\"85\"\/><script>document.getElementById( \"ak_js_1\" ).setAttribute( \"value\", ( new Date() ).getTime() );<\/script><\/p><div class=\"wpcf7-response-output\" aria-hidden=\"true\"><\/div>\n<\/form>\n<\/div>\n\t\t\t\t<\/div>\n\t\t\t\t<\/div>\n\t\t\t\t\t<\/div>\n\t\t\t\t<\/div>\n\t\t\t\t\t<\/div>\n\t\t\t\t<\/div>\n\t\t\t\t<\/div>\n\t\t","protected":false},"excerpt":{"rendered":"<p>Devis Devis Envoyez-nous votre demande ? N&#8217;h\u00e9sitez pas \u00e0 introduire votre demande via notre page de devis Adresse Place Lt. Graff 15 ,1780 Wemmel Belgique Adresse E-mail isma.easyservices@gmail.com Num\u00e9ro de t\u00e9l\u00e9phone (+32) 488 81 55 66 Voulez-vous un devis ? Choisir Votre servicesR\u00e9novation et ConstructionPlomberie et Chauffage\u00c9lectricit\u00e9PeintureMobilier sur MesureRev\u00eatement de Sol &#916;<\/p>\n","protected":false},"author":1,"featured_media":0,"parent":0,"menu_order":0,"comment_status":"closed","ping_status":"closed","template":"elementor_header_footer","meta":{"_monsterinsights_skip_tracking":false,"_monsterinsights_sitenote_active":false,"_monsterinsights_sitenote_note":"","_monsterinsights_sitenote_category":0,"footnotes":""},"class_list":["post-30754","page","type-page","status-publish","hentry"],"_links":{"self":[{"href":"https:\/\/ismaeasy.be\/index.php\/wp-json\/wp\/v2\/pages\/30754","targetHints":{"allow":["GET"]}}],"collection":[{"href":"https:\/\/ismaeasy.be\/index.php\/wp-json\/wp\/v2\/pages"}],"about":[{"href":"https:\/\/ismaeasy.be\/index.php\/wp-json\/wp\/v2\/types\/page"}],"author":[{"embeddable":true,"href":"https:\/\/ismaeasy.be\/index.php\/wp-json\/wp\/v2\/users\/1"}],"replies":[{"embeddable":true,"href":"https:\/\/ismaeasy.be\/index.php\/wp-json\/wp\/v2\/comments?post=30754"}],"version-history":[{"count":31,"href":"https:\/\/ismaeasy.be\/index.php\/wp-json\/wp\/v2\/pages\/30754\/revisions"}],"predecessor-version":[{"id":31615,"href":"https:\/\/ismaeasy.be\/index.php\/wp-json\/wp\/v2\/pages\/30754\/revisions\/31615"}],"wp:attachment":[{"href":"https:\/\/ismaeasy.be\/index.php\/wp-json\/wp\/v2\/media?parent=30754"}],"curies":[{"name":"wp","href":"https:\/\/api.w.org\/{rel}","templated":true}]}}