{"id":30702,"date":"2024-07-06T18:39:14","date_gmt":"2024-07-06T16:39:14","guid":{"rendered":"https:\/\/ismaeasy.be\/?page_id=30702"},"modified":"2024-07-12T17:13:25","modified_gmt":"2024-07-12T15:13:25","slug":"revetement-de-sol","status":"publish","type":"page","link":"https:\/\/ismaeasy.be\/index.php\/revetement-de-sol\/","title":{"rendered":"Rev\u00eatement de Sol"},"content":{"rendered":"\t\t<div data-elementor-type=\"wp-page\" data-elementor-id=\"30702\" class=\"elementor elementor-30702\" data-elementor-post-type=\"page\">\n\t\t\t\t\r\n\t\t<div class=\"default no-position show_shadow rs-sticky-default elementor-element elementor-element-295b511 e-flex e-con-boxed e-con e-parent\" data-id=\"295b511\" data-element_type=\"container\" data-e-type=\"container\" data-settings=\"{&quot;background_background&quot;:&quot;classic&quot;}\">\n\t\t\t\t\t<div class=\"e-con-inner\">\n\t\t\r\n\t\t\t\t<div class=\"elementor-element elementor-element-35edafd elementor-widget elementor-widget-heading\" data-id=\"35edafd\" data-element_type=\"widget\" data-e-type=\"widget\" data-widget_type=\"heading.default\">\n\t\t\t\t<div class=\"elementor-widget-container\">\n\t\t\t\t\t<h2 class=\"elementor-heading-title elementor-size-default\">Rev\u00eatement de Sol<\/h2>\t\t\t\t<\/div>\n\t\t\t\t<\/div>\n\t\t\t\t\t<\/div>\n\t\t\t\t<\/div>\n\t\t\r\n\t\t<div class=\"default no-position show_shadow rs-sticky-default elementor-element elementor-element-fbcf094 e-flex e-con-boxed e-con e-parent\" data-id=\"fbcf094\" data-element_type=\"container\" data-e-type=\"container\">\n\t\t\t\t\t<div class=\"e-con-inner\">\n\t\t\r\n\t\t<div class=\"default no-position show_shadow rs-sticky-default elementor-element elementor-element-747b3b6 e-con-full e-flex e-con e-child\" data-id=\"747b3b6\" data-element_type=\"container\" data-e-type=\"container\">\n\t\t\r\n\t\t<div class=\"default no-position show_shadow rs-sticky-default elementor-element elementor-element-1067e33 e-con-full e-flex e-con e-child\" data-id=\"1067e33\" data-element_type=\"container\" data-e-type=\"container\">\n\t\t\r\n\t\t\t\t<div class=\"elementor-element elementor-element-c50ebb1 elementor-widget elementor-widget-heading\" data-id=\"c50ebb1\" data-element_type=\"widget\" data-e-type=\"widget\" data-widget_type=\"heading.default\">\n\t\t\t\t<div class=\"elementor-widget-container\">\n\t\t\t\t\t<h3 class=\"elementor-heading-title elementor-size-default\">Rev\u00eatement de Sol<\/h3>\t\t\t\t<\/div>\n\t\t\t\t<\/div>\n\t\t\r\n\t\t\t\t<div class=\"elementor-element elementor-element-5c38fa7 elementor-widget elementor-widget-image\" data-id=\"5c38fa7\" data-element_type=\"widget\" data-e-type=\"widget\" data-widget_type=\"image.default\">\n\t\t\t\t<div class=\"elementor-widget-container\">\n\t\t\t\t\t\t\t\t\t\t\t\t\t\t\t<img fetchpriority=\"high\" decoding=\"async\" width=\"898\" height=\"468\" src=\"https:\/\/ismaeasy.be\/wp-content\/uploads\/2024\/07\/Revetement-de-sol-1.jpg\" class=\"attachment-full size-full wp-image-30694\" alt=\"\" srcset=\"https:\/\/ismaeasy.be\/wp-content\/uploads\/2024\/07\/Revetement-de-sol-1.jpg 898w, https:\/\/ismaeasy.be\/wp-content\/uploads\/2024\/07\/Revetement-de-sol-1-300x156.jpg 300w, https:\/\/ismaeasy.be\/wp-content\/uploads\/2024\/07\/Revetement-de-sol-1-768x400.jpg 768w\" sizes=\"(max-width: 898px) 100vw, 898px\" \/>\t\t\t\t\t\t\t\t\t\t\t\t\t\t\t<\/div>\n\t\t\t\t<\/div>\n\t\t\r\n\t\t\t\t<div class=\"elementor-element elementor-element-fd747cc elementor-widget elementor-widget-text-editor\" data-id=\"fd747cc\" data-element_type=\"widget\" data-e-type=\"widget\" data-widget_type=\"text-editor.default\">\n\t\t\t\t<div class=\"elementor-widget-container\">\n\t\t\t\t\t\t\t\t\t<strong> Donnez du style \u00e0 vos sols avec nos rev\u00eatements de sol sur mesure.<br\/>\nCarrelage, parquet, vinyle, moquette, confiez la pose de vos rev\u00eatements de sol \u00e0 des professionnels qualifi\u00e9s.<\/strong>\t\t\t\t\t\t\t\t<\/div>\n\t\t\t\t<\/div>\n\t\t\r\n\t\t\t\t<div class=\"elementor-element elementor-element-a8e1972 elementor-widget elementor-widget-text-editor\" data-id=\"a8e1972\" data-element_type=\"widget\" data-e-type=\"widget\" data-widget_type=\"text-editor.default\">\n\t\t\t\t<div class=\"elementor-widget-container\">\n\t\t\t\t\t\t\t\t\tVous souhaitez donner une nouvelle jeunesse \u00e0 vos sols ?<br\/>\nFaites appel \u00e0 notre \u00e9quipe de professionnels qualifi\u00e9s pour la pose de tous types de rev\u00eatements de sol. <br\/>\nNous mettons notre savoir-faire et notre exp\u00e9rience \u00e0 votre service pour vous garantir une pose impeccable et un r\u00e9sultat durable.\t\t\t\t\t\t\t\t<\/div>\n\t\t\t\t<\/div>\n\t\t\r\n\t\t\t\t<div class=\"elementor-element elementor-element-72e50c4 elementor-widget elementor-widget-heading\" data-id=\"72e50c4\" data-element_type=\"widget\" data-e-type=\"widget\" data-widget_type=\"heading.default\">\n\t\t\t\t<div class=\"elementor-widget-container\">\n\t\t\t\t\t<h6 class=\"elementor-heading-title elementor-size-default\">Services propos\u00e9s:<\/h6>\t\t\t\t<\/div>\n\t\t\t\t<\/div>\n\t\t\r\n\t\t\t\t<div class=\"elementor-element elementor-element-db9a0a0 elementor-widget elementor-widget-text-editor\" data-id=\"db9a0a0\" data-element_type=\"widget\" data-e-type=\"widget\" data-widget_type=\"text-editor.default\">\n\t\t\t\t<div class=\"elementor-widget-container\">\n\t\t\t\t\t\t\t\t\t<ul class=\"rs-features-list services\">\n \t<li class=\"elementor-repeater-item\"><i class=\"ri-check-line\"><\/i>\n<div class=\"list-feature-content\"><span class=\"rs-feature-text\"><strong>Pose de carrelage: <\/strong> Sol et murs, nous posons tous types de carrelage, du gr\u00e8s c\u00e9rame au carrelage de ciment.<\/span><\/div><\/li>\n \t<li class=\"elementor-repeater-item\"><i class=\"ri-check-line\"><\/i>\n<div class=\"list-feature-content\"><span class=\"rs-feature-text\"><strong>Pose de parquet:  <\/strong>  Parquet massif, parquet flottant, stratifi\u00e9, nous r\u00e9alisons la pose de tous types de parquet.<\/span><\/div><\/li>\n \t<li class=\"elementor-repeater-item\"><i class=\"ri-check-line\"><\/i>\n<div class=\"list-feature-content\"><span class=\"rs-feature-text\"><strong>Pose de vinyle:  <\/strong> Dalles vinyle, lames PVC, nous posons tous types de rev\u00eatements de sol en vinyle.<\/span><\/div><\/li>\n \t<li class=\"elementor-repeater-item\"><i class=\"ri-check-line\"><\/i>\n<div class=\"list-feature-content\"><span class=\"rs-feature-text\"><strong>Pose de moquette: <\/strong>Moquette en fibres synth\u00e9tiques, moquette en laine, nous posons tous types de moquette.<\/span><\/div><\/li>\n\t<li class=\"elementor-repeater-item\"><i class=\"ri-check-line\"><\/i>\n<div class=\"list-feature-content\"><span class=\"rs-feature-text\"><strong>Travaux de pr\u00e9paration: <\/strong>Ragr\u00e9age, pose de chape, nous r\u00e9alisons tous les travaux de pr\u00e9paration n\u00e9cessaires avant la pose de votre rev\u00eatement de sol.<\/span><\/div><\/li>\n\t<li class=\"elementor-repeater-item\"><i class=\"ri-check-line\"><\/i>\n<div class=\"list-feature-content\"><span class=\"rs-feature-text\"><strong>Conseils personnalis\u00e9s: <\/strong> Nos experts vous conseillent sur le choix du rev\u00eatement de sol le plus adapt\u00e9 \u00e0 vos besoins et \u00e0 votre budget.<\/span><\/div><\/li>\n<\/ul>\t\t\t\t\t\t\t\t<\/div>\n\t\t\t\t<\/div>\n\t\t\r\n\t\t\t\t<div class=\"elementor-element elementor-element-74c7728 elementor-widget elementor-widget-heading\" data-id=\"74c7728\" data-element_type=\"widget\" data-e-type=\"widget\" data-widget_type=\"heading.default\">\n\t\t\t\t<div class=\"elementor-widget-container\">\n\t\t\t\t\t<h6 class=\"elementor-heading-title elementor-size-default\">Vos avantages:<\/h6>\t\t\t\t<\/div>\n\t\t\t\t<\/div>\n\t\t\r\n\t\t\t\t<div class=\"elementor-element elementor-element-8dd49f7 elementor-widget elementor-widget-text-editor\" data-id=\"8dd49f7\" data-element_type=\"widget\" data-e-type=\"widget\" data-widget_type=\"text-editor.default\">\n\t\t\t\t<div class=\"elementor-widget-container\">\n\t\t\t\t\t\t\t\t\t<ul class=\"rs-features-list services\">\n \t<li class=\"elementor-repeater-item\"><i class=\"ri-check-line\"><\/i>\n<div class=\"list-feature-content\"><span class=\"rs-feature-text\"><strong>Des professionnels qualifi\u00e9s et exp\u00e9riment\u00e9s:  <\/strong> Nos poseurs de rev\u00eatements de sol sont qualifi\u00e9s et exp\u00e9riment\u00e9s, et poss\u00e8dent une parfaite ma\u00eetrise des techniques de pose.<\/span><\/div><\/li>\n \t<li class=\"elementor-repeater-item\"><i class=\"ri-check-line\"><\/i>\n<div class=\"list-feature-content\"><span class=\"rs-feature-text\"><strong>Un travail de qualit\u00e9 irr\u00e9prochable:  <\/strong> Nous mettons tout en \u0153uvre pour vous garantir un travail de qualit\u00e9 irr\u00e9prochable, soign\u00e9 et pr\u00e9cis.<\/span><\/div><\/li>\n \t<li class=\"elementor-repeater-item\"><i class=\"ri-check-line\"><\/i>\n<div class=\"list-feature-content\"><span class=\"rs-feature-text\"><strong>Une \u00e9coute attentive: <\/strong>Nous nous engageons \u00e0 respecter les d\u00e9lais convenus et \u00e0 r\u00e9aliser la pose de votre rev\u00eatement de sol dans les meilleurs d\u00e9lais.<\/span><\/div><\/li>\n \t<li class=\"elementor-repeater-item\"><i class=\"ri-check-line\"><\/i>\n<div class=\"list-feature-content\"><span class=\"rs-feature-text\"><strong>Propret\u00e9 du chantier: <\/strong> Nous veillons \u00e0 la propret\u00e9 du chantier avant, pendant et apr\u00e8s les travaux.<\/span><\/div><\/li>\n<\/ul>\t\t\t\t\t\t\t\t<\/div>\n\t\t\t\t<\/div>\n\t\t\r\n\t\t\t\t<div class=\"elementor-element elementor-element-8c33c85 elementor-widget elementor-widget-text-editor\" data-id=\"8c33c85\" data-element_type=\"widget\" data-e-type=\"widget\" data-widget_type=\"text-editor.default\">\n\t\t\t\t<div class=\"elementor-widget-container\">\n\t\t\t\t\t\t\t\t\t<p><strong>Contactez-nous d\u00e8s aujourd&#8217;hui pour un devis gratuit!<\/strong><\/p>\t\t\t\t\t\t\t\t<\/div>\n\t\t\t\t<\/div>\n\t\t\t\t<\/div>\n\t\t\r\n\t\t<div class=\"default no-position show_shadow rs-sticky-default elementor-element elementor-element-d8384b5 e-con-full e-flex e-con e-child\" data-id=\"d8384b5\" data-element_type=\"container\" data-e-type=\"container\">\n\t\t\r\n\t\t<div class=\"default no-position show_shadow rs-sticky-default elementor-element elementor-element-6333891 e-con-full e-flex e-con e-child\" data-id=\"6333891\" data-element_type=\"container\" data-e-type=\"container\" data-settings=\"{&quot;background_background&quot;:&quot;classic&quot;}\">\n\t\t\r\n\t\t\t\t<div class=\"elementor-element elementor-element-860d72a elementor-widget elementor-widget-heading\" data-id=\"860d72a\" data-element_type=\"widget\" data-e-type=\"widget\" data-widget_type=\"heading.default\">\n\t\t\t\t<div class=\"elementor-widget-container\">\n\t\t\t\t\t<h3 class=\"elementor-heading-title elementor-size-default\">Nos Services<\/h3>\t\t\t\t<\/div>\n\t\t\t\t<\/div>\n\t\t\r\n\t\t\t\t<div class=\"elementor-element elementor-element-8d782ad hfe-submenu-icon-hide_default hfe-nav-menu__breakpoint-none hfe-link-redirect-child elementor-widget elementor-widget-navigation-menu\" data-id=\"8d782ad\" data-element_type=\"widget\" data-e-type=\"widget\" data-settings=\"{&quot;padding_horizontal_menu_item&quot;:{&quot;unit&quot;:&quot;px&quot;,&quot;top&quot;:&quot;16&quot;,&quot;right&quot;:&quot;20&quot;,&quot;bottom&quot;:&quot;16&quot;,&quot;left&quot;:&quot;20&quot;,&quot;isLinked&quot;:false},&quot;main_menu_border_radius&quot;:{&quot;unit&quot;:&quot;px&quot;,&quot;top&quot;:&quot;2&quot;,&quot;right&quot;:&quot;2&quot;,&quot;bottom&quot;:&quot;2&quot;,&quot;left&quot;:&quot;2&quot;,&quot;isLinked&quot;:true},&quot;location_area_padding&quot;:{&quot;unit&quot;:&quot;px&quot;,&quot;top&quot;:&quot;&quot;,&quot;right&quot;:&quot;&quot;,&quot;bottom&quot;:&quot;&quot;,&quot;left&quot;:&quot;&quot;,&quot;isLinked&quot;:true},&quot;location_area_padding_tablet&quot;:{&quot;unit&quot;:&quot;px&quot;,&quot;top&quot;:&quot;&quot;,&quot;right&quot;:&quot;&quot;,&quot;bottom&quot;:&quot;&quot;,&quot;left&quot;:&quot;&quot;,&quot;isLinked&quot;:true},&quot;location_area_padding_mobile&quot;:{&quot;unit&quot;:&quot;px&quot;,&quot;top&quot;:&quot;&quot;,&quot;right&quot;:&quot;&quot;,&quot;bottom&quot;:&quot;&quot;,&quot;left&quot;:&quot;&quot;,&quot;isLinked&quot;:true},&quot;padding_horizontal_menu_item_tablet&quot;:{&quot;unit&quot;:&quot;px&quot;,&quot;top&quot;:&quot;&quot;,&quot;right&quot;:&quot;&quot;,&quot;bottom&quot;:&quot;&quot;,&quot;left&quot;:&quot;&quot;,&quot;isLinked&quot;:true},&quot;padding_horizontal_menu_item_mobile&quot;:{&quot;unit&quot;:&quot;px&quot;,&quot;top&quot;:&quot;&quot;,&quot;right&quot;:&quot;&quot;,&quot;bottom&quot;:&quot;&quot;,&quot;left&quot;:&quot;&quot;,&quot;isLinked&quot;:true},&quot;menu_bottom_space_last_zero&quot;:{&quot;unit&quot;:&quot;px&quot;,&quot;size&quot;:&quot;&quot;,&quot;sizes&quot;:[]},&quot;menu_bottom_space_last_zero_tablet&quot;:{&quot;unit&quot;:&quot;px&quot;,&quot;size&quot;:&quot;&quot;,&quot;sizes&quot;:[]},&quot;menu_bottom_space_last_zero_mobile&quot;:{&quot;unit&quot;:&quot;px&quot;,&quot;size&quot;:&quot;&quot;,&quot;sizes&quot;:[]},&quot;main_menu_border_radius_tablet&quot;:{&quot;unit&quot;:&quot;px&quot;,&quot;top&quot;:&quot;&quot;,&quot;right&quot;:&quot;&quot;,&quot;bottom&quot;:&quot;&quot;,&quot;left&quot;:&quot;&quot;,&quot;isLinked&quot;:true},&quot;main_menu_border_radius_mobile&quot;:{&quot;unit&quot;:&quot;px&quot;,&quot;top&quot;:&quot;&quot;,&quot;right&quot;:&quot;&quot;,&quot;bottom&quot;:&quot;&quot;,&quot;left&quot;:&quot;&quot;,&quot;isLinked&quot;:true},&quot;main_menu_hover_border_radius&quot;:{&quot;unit&quot;:&quot;px&quot;,&quot;top&quot;:&quot;&quot;,&quot;right&quot;:&quot;&quot;,&quot;bottom&quot;:&quot;&quot;,&quot;left&quot;:&quot;&quot;,&quot;isLinked&quot;:true},&quot;main_menu_hover_border_radius_tablet&quot;:{&quot;unit&quot;:&quot;px&quot;,&quot;top&quot;:&quot;&quot;,&quot;right&quot;:&quot;&quot;,&quot;bottom&quot;:&quot;&quot;,&quot;left&quot;:&quot;&quot;,&quot;isLinked&quot;:true},&quot;main_menu_hover_border_radius_mobile&quot;:{&quot;unit&quot;:&quot;px&quot;,&quot;top&quot;:&quot;&quot;,&quot;right&quot;:&quot;&quot;,&quot;bottom&quot;:&quot;&quot;,&quot;left&quot;:&quot;&quot;,&quot;isLinked&quot;:true},&quot;dropdown_border_radius&quot;:{&quot;unit&quot;:&quot;px&quot;,&quot;top&quot;:&quot;&quot;,&quot;right&quot;:&quot;&quot;,&quot;bottom&quot;:&quot;&quot;,&quot;left&quot;:&quot;&quot;,&quot;isLinked&quot;:true},&quot;dropdown_border_radius_tablet&quot;:{&quot;unit&quot;:&quot;px&quot;,&quot;top&quot;:&quot;&quot;,&quot;right&quot;:&quot;&quot;,&quot;bottom&quot;:&quot;&quot;,&quot;left&quot;:&quot;&quot;,&quot;isLinked&quot;:true},&quot;dropdown_border_radius_mobile&quot;:{&quot;unit&quot;:&quot;px&quot;,&quot;top&quot;:&quot;&quot;,&quot;right&quot;:&quot;&quot;,&quot;bottom&quot;:&quot;&quot;,&quot;left&quot;:&quot;&quot;,&quot;isLinked&quot;:true},&quot;padding_horizontal_dropdown_item&quot;:{&quot;unit&quot;:&quot;px&quot;,&quot;size&quot;:&quot;&quot;,&quot;sizes&quot;:[]},&quot;padding_horizontal_dropdown_item_tablet&quot;:{&quot;unit&quot;:&quot;px&quot;,&quot;size&quot;:&quot;&quot;,&quot;sizes&quot;:[]},&quot;padding_horizontal_dropdown_item_mobile&quot;:{&quot;unit&quot;:&quot;px&quot;,&quot;size&quot;:&quot;&quot;,&quot;sizes&quot;:[]},&quot;padding_vertical_dropdown_item&quot;:{&quot;unit&quot;:&quot;px&quot;,&quot;size&quot;:15,&quot;sizes&quot;:[]},&quot;padding_vertical_dropdown_item_tablet&quot;:{&quot;unit&quot;:&quot;px&quot;,&quot;size&quot;:&quot;&quot;,&quot;sizes&quot;:[]},&quot;padding_vertical_dropdown_item_mobile&quot;:{&quot;unit&quot;:&quot;px&quot;,&quot;size&quot;:&quot;&quot;,&quot;sizes&quot;:[]},&quot;distance_from_menu&quot;:{&quot;unit&quot;:&quot;px&quot;,&quot;size&quot;:&quot;&quot;,&quot;sizes&quot;:[]},&quot;distance_from_menu_tablet&quot;:{&quot;unit&quot;:&quot;px&quot;,&quot;size&quot;:&quot;&quot;,&quot;sizes&quot;:[]},&quot;distance_from_menu_mobile&quot;:{&quot;unit&quot;:&quot;px&quot;,&quot;size&quot;:&quot;&quot;,&quot;sizes&quot;:[]},&quot;toggle_size&quot;:{&quot;unit&quot;:&quot;px&quot;,&quot;size&quot;:&quot;&quot;,&quot;sizes&quot;:[]},&quot;toggle_size_tablet&quot;:{&quot;unit&quot;:&quot;px&quot;,&quot;size&quot;:&quot;&quot;,&quot;sizes&quot;:[]},&quot;toggle_size_mobile&quot;:{&quot;unit&quot;:&quot;px&quot;,&quot;size&quot;:&quot;&quot;,&quot;sizes&quot;:[]},&quot;toggle_border_width&quot;:{&quot;unit&quot;:&quot;px&quot;,&quot;size&quot;:&quot;&quot;,&quot;sizes&quot;:[]},&quot;toggle_border_width_tablet&quot;:{&quot;unit&quot;:&quot;px&quot;,&quot;size&quot;:&quot;&quot;,&quot;sizes&quot;:[]},&quot;toggle_border_width_mobile&quot;:{&quot;unit&quot;:&quot;px&quot;,&quot;size&quot;:&quot;&quot;,&quot;sizes&quot;:[]},&quot;toggle_border_radius&quot;:{&quot;unit&quot;:&quot;px&quot;,&quot;size&quot;:&quot;&quot;,&quot;sizes&quot;:[]},&quot;toggle_border_radius_tablet&quot;:{&quot;unit&quot;:&quot;px&quot;,&quot;size&quot;:&quot;&quot;,&quot;sizes&quot;:[]},&quot;toggle_border_radius_mobile&quot;:{&quot;unit&quot;:&quot;px&quot;,&quot;size&quot;:&quot;&quot;,&quot;sizes&quot;:[]}}\" data-widget_type=\"navigation-menu.default\">\n\t\t\t\t<div class=\"elementor-widget-container\">\n\t\t\t\t\t\n\t\t<style>\n\t\t\t.hfe-layout-vertical .left-arrow ul .menu-item:hover a:after {\n\t\t\t\tbackground: !important;\n\t\t\t}\n\t\t\t.hfe-layout-vertical .left-arrow ul .menu-item:hover a:before {\n\t\t\t\tborder-left: 6px solid \t\t\t}\n\t\t<\/style>\n\n\t\t\t\t\t<div class=\"hfe-nav-menu hfe-layout-vertical normal hfe-nav-menu-layout mega_columns1 vertical\" data-layout=\"vertical\">\n\t\t\t\t<div class=\"hfe-nav-menu__toggle elementor-clickable\">\n\t\t\t\t\t<div class=\"hfe-nav-menu-icon\">\n\t\t\t\t\t\t\t\t\t\t\t<\/div>\n\t\t\t\t<\/div>\n\t\t\t\t\n\t\t\t\t<nav class=\"hfe-nav-menu__layout-vertical hfe-nav-menu__submenu-hide_default rs_one_columns no-separator no-arrow no-circle hide_default icon-enable\" data-toggle-icon=\"\" data-close-icon=\"\" data-full-width=\"\">\n\t\t\t\t\t<ul id=\"menu-1-8d782ad\" class=\"hfe-nav-menu\"><li id=\"menu-item-30453\" class=\"menu-item menu-item-type-post_type menu-item-object-page parent hfe-creative-menu\"><a href=\"https:\/\/ismaeasy.be\/index.php\/renovation-et-construction\/\" class = \"hfe-menu-item\">R\u00e9novation et Construction<em class=\"rs__menu_sp_dyc\"><i class=\"ri-arrow-right-line\"><\/i><\/em><\/a><\/li>\n<li id=\"menu-item-30576\" class=\"menu-item menu-item-type-post_type menu-item-object-page parent hfe-creative-menu\"><a href=\"https:\/\/ismaeasy.be\/index.php\/plomberie-et-chauffage\/\" class = \"hfe-menu-item\">Plomberie et Chauffage<em class=\"rs__menu_sp_dyc\"><i class=\"ri-arrow-right-line\"><\/i><\/em><\/a><\/li>\n<li id=\"menu-item-30626\" class=\"menu-item menu-item-type-post_type menu-item-object-page parent hfe-creative-menu\"><a href=\"https:\/\/ismaeasy.be\/index.php\/electricite\/\" class = \"hfe-menu-item\">\u00c9lectricit\u00e9<em class=\"rs__menu_sp_dyc\"><i class=\"ri-arrow-right-line\"><\/i><\/em><\/a><\/li>\n<li id=\"menu-item-30905\" class=\"menu-item menu-item-type-post_type menu-item-object-page parent hfe-creative-menu\"><a href=\"https:\/\/ismaeasy.be\/index.php\/controle-electricite\/\" class = \"hfe-menu-item\">Contr\u00f4le \u00c9lectricit\u00e9<em class=\"rs__menu_sp_dyc\"><i class=\"ri-arrow-right-line\"><\/i><\/em><\/a><\/li>\n<li id=\"menu-item-30645\" class=\"menu-item menu-item-type-post_type menu-item-object-page parent hfe-creative-menu\"><a href=\"https:\/\/ismaeasy.be\/index.php\/peinture\/\" class = \"hfe-menu-item\">Peinture<em class=\"rs__menu_sp_dyc\"><i class=\"ri-arrow-right-line\"><\/i><\/em><\/a><\/li>\n<li id=\"menu-item-30693\" class=\"menu-item menu-item-type-post_type menu-item-object-page parent hfe-creative-menu\"><a href=\"https:\/\/ismaeasy.be\/index.php\/mobilier-sur-mesure\/\" class = \"hfe-menu-item\">Mobilier sur Mesure<em class=\"rs__menu_sp_dyc\"><i class=\"ri-arrow-right-line\"><\/i><\/em><\/a><\/li>\n<li id=\"menu-item-30718\" class=\"menu-item menu-item-type-post_type menu-item-object-page parent hfe-creative-menu\"><a href=\"https:\/\/ismaeasy.be\/index.php\/revetement-de-sol\/\" class = \"hfe-menu-item\">Rev\u00eatement de Sol<em class=\"rs__menu_sp_dyc\"><i class=\"ri-arrow-right-line\"><\/i><\/em><\/a><\/li>\n<li id=\"menu-item-30838\" class=\"menu-item menu-item-type-post_type menu-item-object-page parent hfe-creative-menu\"><a href=\"https:\/\/ismaeasy.be\/index.php\/nettoyage-apres-chantier\/\" class = \"hfe-menu-item\">Nettoyage Apr\u00e8s Chantier<em class=\"rs__menu_sp_dyc\"><i class=\"ri-arrow-right-line\"><\/i><\/em><\/a><\/li>\n<\/ul>\t\t\t\t<\/nav>              \n\t\t\t<\/div>\n\n\t\t\t\t\t\t\t<\/div>\n\t\t\t\t<\/div>\n\t\t\t\t<\/div>\n\t\t\r\n\t\t<div class=\"default no-position show_shadow rs-sticky-default elementor-element elementor-element-c0bb72f e-con-full e-flex e-con e-child\" data-id=\"c0bb72f\" data-element_type=\"container\" data-e-type=\"container\" data-settings=\"{&quot;background_background&quot;:&quot;classic&quot;}\">\n\t\t\t\t<\/div>\n\t\t\t\t<\/div>\n\t\t\t\t<\/div>\n\t\t\t\t\t<\/div>\n\t\t\t\t<\/div>\n\t\t\t\t<\/div>\n\t\t","protected":false},"excerpt":{"rendered":"<p>Rev\u00eatement de Sol Rev\u00eatement de Sol Donnez du style \u00e0 vos sols avec nos rev\u00eatements de sol sur mesure. Carrelage, parquet, vinyle, moquette, confiez la pose de vos rev\u00eatements de sol \u00e0 des professionnels qualifi\u00e9s.Vous souhaitez donner une nouvelle jeunesse \u00e0 vos sols ? Faites appel \u00e0 notre \u00e9quipe de professionnels qualifi\u00e9s pour la pose&#8230;<\/p>\n","protected":false},"author":1,"featured_media":0,"parent":0,"menu_order":0,"comment_status":"closed","ping_status":"closed","template":"elementor_header_footer","meta":{"_monsterinsights_skip_tracking":false,"_monsterinsights_sitenote_active":false,"_monsterinsights_sitenote_note":"","_monsterinsights_sitenote_category":0,"footnotes":""},"class_list":["post-30702","page","type-page","status-publish","hentry"],"_links":{"self":[{"href":"https:\/\/ismaeasy.be\/index.php\/wp-json\/wp\/v2\/pages\/30702","targetHints":{"allow":["GET"]}}],"collection":[{"href":"https:\/\/ismaeasy.be\/index.php\/wp-json\/wp\/v2\/pages"}],"about":[{"href":"https:\/\/ismaeasy.be\/index.php\/wp-json\/wp\/v2\/types\/page"}],"author":[{"embeddable":true,"href":"https:\/\/ismaeasy.be\/index.php\/wp-json\/wp\/v2\/users\/1"}],"replies":[{"embeddable":true,"href":"https:\/\/ismaeasy.be\/index.php\/wp-json\/wp\/v2\/comments?post=30702"}],"version-history":[{"count":19,"href":"https:\/\/ismaeasy.be\/index.php\/wp-json\/wp\/v2\/pages\/30702\/revisions"}],"predecessor-version":[{"id":31468,"href":"https:\/\/ismaeasy.be\/index.php\/wp-json\/wp\/v2\/pages\/30702\/revisions\/31468"}],"wp:attachment":[{"href":"https:\/\/ismaeasy.be\/index.php\/wp-json\/wp\/v2\/media?parent=30702"}],"curies":[{"name":"wp","href":"https:\/\/api.w.org\/{rel}","templated":true}]}}