{"id":30546,"date":"2024-07-06T14:47:31","date_gmt":"2024-07-06T12:47:31","guid":{"rendered":"https:\/\/ismaeasy.be\/?page_id=30546"},"modified":"2024-07-12T17:20:03","modified_gmt":"2024-07-12T15:20:03","slug":"plomberie-et-chauffage","status":"publish","type":"page","link":"https:\/\/ismaeasy.be\/index.php\/plomberie-et-chauffage\/","title":{"rendered":"Plomberie et Chauffage"},"content":{"rendered":"\t\t<div data-elementor-type=\"wp-page\" data-elementor-id=\"30546\" class=\"elementor elementor-30546\" data-elementor-post-type=\"page\">\n\t\t\t\t\r\n\t\t<div class=\"default no-position show_shadow rs-sticky-default elementor-element elementor-element-b7364b2 e-flex e-con-boxed e-con e-parent\" data-id=\"b7364b2\" data-element_type=\"container\" data-e-type=\"container\" data-settings=\"{&quot;background_background&quot;:&quot;classic&quot;}\">\n\t\t\t\t\t<div class=\"e-con-inner\">\n\t\t\r\n\t\t\t\t<div class=\"elementor-element elementor-element-677f59f elementor-widget elementor-widget-heading\" data-id=\"677f59f\" data-element_type=\"widget\" data-e-type=\"widget\" data-widget_type=\"heading.default\">\n\t\t\t\t<div class=\"elementor-widget-container\">\n\t\t\t\t\t<h2 class=\"elementor-heading-title elementor-size-default\">Plomberie et Chauffage<\/h2>\t\t\t\t<\/div>\n\t\t\t\t<\/div>\n\t\t\t\t\t<\/div>\n\t\t\t\t<\/div>\n\t\t\r\n\t\t<div class=\"default no-position show_shadow rs-sticky-default elementor-element elementor-element-9f48fc8 e-flex e-con-boxed e-con e-parent\" data-id=\"9f48fc8\" data-element_type=\"container\" data-e-type=\"container\">\n\t\t\t\t\t<div class=\"e-con-inner\">\n\t\t\r\n\t\t<div class=\"default no-position show_shadow rs-sticky-default elementor-element elementor-element-84675d4 e-con-full e-flex e-con e-child\" data-id=\"84675d4\" data-element_type=\"container\" data-e-type=\"container\">\n\t\t\r\n\t\t<div class=\"default no-position show_shadow rs-sticky-default elementor-element elementor-element-969d971 e-con-full e-flex e-con e-child\" data-id=\"969d971\" data-element_type=\"container\" data-e-type=\"container\">\n\t\t\r\n\t\t\t\t<div class=\"elementor-element elementor-element-e8036bf elementor-widget elementor-widget-heading\" data-id=\"e8036bf\" data-element_type=\"widget\" data-e-type=\"widget\" data-widget_type=\"heading.default\">\n\t\t\t\t<div class=\"elementor-widget-container\">\n\t\t\t\t\t<h3 class=\"elementor-heading-title elementor-size-default\">Plomberie et Chauffage<\/h3>\t\t\t\t<\/div>\n\t\t\t\t<\/div>\n\t\t\r\n\t\t\t\t<div class=\"elementor-element elementor-element-136d094 elementor-widget elementor-widget-image\" data-id=\"136d094\" data-element_type=\"widget\" data-e-type=\"widget\" data-widget_type=\"image.default\">\n\t\t\t\t<div class=\"elementor-widget-container\">\n\t\t\t\t\t\t\t\t\t\t\t\t\t\t\t<img fetchpriority=\"high\" decoding=\"async\" width=\"898\" height=\"468\" src=\"https:\/\/ismaeasy.be\/wp-content\/uploads\/2024\/07\/Plomberie-and-chauffage-1.webp\" class=\"attachment-full size-full wp-image-30605\" alt=\"\" srcset=\"https:\/\/ismaeasy.be\/wp-content\/uploads\/2024\/07\/Plomberie-and-chauffage-1.webp 898w, https:\/\/ismaeasy.be\/wp-content\/uploads\/2024\/07\/Plomberie-and-chauffage-1-300x156.webp 300w, https:\/\/ismaeasy.be\/wp-content\/uploads\/2024\/07\/Plomberie-and-chauffage-1-768x400.webp 768w\" sizes=\"(max-width: 898px) 100vw, 898px\" \/>\t\t\t\t\t\t\t\t\t\t\t\t\t\t\t<\/div>\n\t\t\t\t<\/div>\n\t\t\r\n\t\t\t\t<div class=\"elementor-element elementor-element-49416cf elementor-widget elementor-widget-text-editor\" data-id=\"49416cf\" data-element_type=\"widget\" data-e-type=\"widget\" data-widget_type=\"text-editor.default\">\n\t\t\t\t<div class=\"elementor-widget-container\">\n\t\t\t\t\t\t\t\t\t<p><strong>Votre expert en plomberie et chauffage \u00e0 votre service<br \/>D\u00e9pannage, installation et entretien pour votre confort au quotidien<br \/><\/strong><\/p>\t\t\t\t\t\t\t\t<\/div>\n\t\t\t\t<\/div>\n\t\t\r\n\t\t\t\t<div class=\"elementor-element elementor-element-feeac94 elementor-widget elementor-widget-text-editor\" data-id=\"feeac94\" data-element_type=\"widget\" data-e-type=\"widget\" data-widget_type=\"text-editor.default\">\n\t\t\t\t<div class=\"elementor-widget-container\">\n\t\t\t\t\t\t\t\t\tVous \u00eates face \u00e0 une fuite d&#8217;eau, une panne de chaudi\u00e8re ou un probl\u00e8me de chauffage ?<br\/>\nFaites appel \u00e0 notre \u00e9quipe d&#8217;experts en plomberie et chauffage pour une intervention rapide et efficace. <br\/>\nNous sommes disponibles 7j\/7 et 24h\/24 pour r\u00e9soudre tous vos probl\u00e8mes de plomberie et de chauffage.\t\t\t\t\t\t\t\t<\/div>\n\t\t\t\t<\/div>\n\t\t\r\n\t\t\t\t<div class=\"elementor-element elementor-element-1e96815 elementor-widget elementor-widget-heading\" data-id=\"1e96815\" data-element_type=\"widget\" data-e-type=\"widget\" data-widget_type=\"heading.default\">\n\t\t\t\t<div class=\"elementor-widget-container\">\n\t\t\t\t\t<h6 class=\"elementor-heading-title elementor-size-default\">Services propos\u00e9s:<\/h6>\t\t\t\t<\/div>\n\t\t\t\t<\/div>\n\t\t\r\n\t\t\t\t<div class=\"elementor-element elementor-element-d39f5e6 elementor-widget elementor-widget-text-editor\" data-id=\"d39f5e6\" data-element_type=\"widget\" data-e-type=\"widget\" data-widget_type=\"text-editor.default\">\n\t\t\t\t<div class=\"elementor-widget-container\">\n\t\t\t\t\t\t\t\t\t<ul class=\"rs-features-list services\">\n \t<li class=\"elementor-repeater-item\"><i class=\"ri-check-line\"><\/i>\n<div class=\"list-feature-content\"><span class=\"rs-feature-text\"><strong>D\u00e9pannage plomberie:<\/strong> Fuites d&#8217;eau, robinetterie d\u00e9fectueuse, chasse d&#8217;eau capricieuse, nous intervenons sur tous types de d\u00e9pannages plomberie.<\/span><\/div><\/li>\n \t<li class=\"elementor-repeater-item\"><i class=\"ri-check-line\"><\/i>\n<div class=\"list-feature-content\"><span class=\"rs-feature-text\"><strong>Installation plomberie: <\/strong> Sanitaires, baignoires, douches, chauffe-eau, nous installons tous vos \u00e9quipements de plomberie avec professionnalisme.<\/span><\/div><\/li>\n \t<li class=\"elementor-repeater-item\"><i class=\"ri-check-line\"><\/i>\n<div class=\"list-feature-content\"><span class=\"rs-feature-text\"><strong>Chauffage:<\/strong> Installation, entretien et d\u00e9pannage de chaudi\u00e8res et de tous vos syst\u00e8mes de chauffage.<\/span><\/div><\/li>\n \t<li class=\"elementor-repeater-item\"><i class=\"ri-check-line\"><\/i>\n<div class=\"list-feature-content\"><span class=\"rs-feature-text\"><strong>Climatisation: <\/strong>  Installation, entretien et d\u00e9pannage de climatisation pour votre confort en \u00e9t\u00e9.<\/span><\/div><\/li>\n<\/ul>\t\t\t\t\t\t\t\t<\/div>\n\t\t\t\t<\/div>\n\t\t\r\n\t\t\t\t<div class=\"elementor-element elementor-element-fda72a6 elementor-widget elementor-widget-heading\" data-id=\"fda72a6\" data-element_type=\"widget\" data-e-type=\"widget\" data-widget_type=\"heading.default\">\n\t\t\t\t<div class=\"elementor-widget-container\">\n\t\t\t\t\t<h6 class=\"elementor-heading-title elementor-size-default\">Vos avantages:<\/h6>\t\t\t\t<\/div>\n\t\t\t\t<\/div>\n\t\t\r\n\t\t\t\t<div class=\"elementor-element elementor-element-72137ab elementor-widget elementor-widget-text-editor\" data-id=\"72137ab\" data-element_type=\"widget\" data-e-type=\"widget\" data-widget_type=\"text-editor.default\">\n\t\t\t\t<div class=\"elementor-widget-container\">\n\t\t\t\t\t\t\t\t\t<ul class=\"rs-features-list services\">\n \t<li class=\"elementor-repeater-item\"><i class=\"ri-check-line\"><\/i>\n<div class=\"list-feature-content\"><span class=\"rs-feature-text\"><strong>Une intervention rapide et efficace: <\/strong> Nous intervenons dans les meilleurs d\u00e9lais pour r\u00e9soudre vos probl\u00e8mes de plomberie et de chauffage.<\/span><\/div><\/li>\n \t<li class=\"elementor-repeater-item\"><i class=\"ri-check-line\"><\/i>\n<div class=\"list-feature-content\"><span class=\"rs-feature-text\"><strong>Un travail de qualit\u00e9: <\/strong> Nos artisans qualifi\u00e9s et exp\u00e9riment\u00e9s r\u00e9alisent un travail de qualit\u00e9 irr\u00e9prochable, dans le respect des normes en vigueur..<\/span><\/div><\/li>\n\t<li class=\"elementor-repeater-item\"><i class=\"ri-check-line\"><\/i>\n<div class=\"list-feature-content\"><span class=\"rs-feature-text\">Nous vous proposons des devis clairs et pr\u00e9cis, sans surprises.<\/span><\/div><\/li>\n<\/ul>\t\t\t\t\t\t\t\t<\/div>\n\t\t\t\t<\/div>\n\t\t\r\n\t\t\t\t<div class=\"elementor-element elementor-element-ab9d9b6 elementor-widget elementor-widget-text-editor\" data-id=\"ab9d9b6\" data-element_type=\"widget\" data-e-type=\"widget\" data-widget_type=\"text-editor.default\">\n\t\t\t\t<div class=\"elementor-widget-container\">\n\t\t\t\t\t\t\t\t\t<p><strong>Contactez-nous d\u00e8s aujourd&#8217;hui pour un devis gratuit!<\/strong><\/p>\t\t\t\t\t\t\t\t<\/div>\n\t\t\t\t<\/div>\n\t\t\t\t<\/div>\n\t\t\r\n\t\t<div class=\"default no-position show_shadow rs-sticky-default elementor-element elementor-element-67dc35d e-con-full e-flex e-con e-child\" data-id=\"67dc35d\" data-element_type=\"container\" data-e-type=\"container\">\n\t\t\r\n\t\t<div class=\"default no-position show_shadow rs-sticky-default elementor-element elementor-element-f0bd5dc e-con-full e-flex e-con e-child\" data-id=\"f0bd5dc\" data-element_type=\"container\" data-e-type=\"container\" data-settings=\"{&quot;background_background&quot;:&quot;classic&quot;}\">\n\t\t\r\n\t\t\t\t<div class=\"elementor-element elementor-element-1866d71 elementor-widget elementor-widget-heading\" data-id=\"1866d71\" data-element_type=\"widget\" data-e-type=\"widget\" data-widget_type=\"heading.default\">\n\t\t\t\t<div class=\"elementor-widget-container\">\n\t\t\t\t\t<h3 class=\"elementor-heading-title elementor-size-default\">Nos Services<\/h3>\t\t\t\t<\/div>\n\t\t\t\t<\/div>\n\t\t\r\n\t\t\t\t<div class=\"elementor-element elementor-element-4d42a74 hfe-submenu-icon-hide_default hfe-nav-menu__breakpoint-none hfe-link-redirect-child elementor-widget elementor-widget-navigation-menu\" data-id=\"4d42a74\" data-element_type=\"widget\" data-e-type=\"widget\" data-settings=\"{&quot;padding_horizontal_menu_item&quot;:{&quot;unit&quot;:&quot;px&quot;,&quot;top&quot;:&quot;16&quot;,&quot;right&quot;:&quot;20&quot;,&quot;bottom&quot;:&quot;16&quot;,&quot;left&quot;:&quot;20&quot;,&quot;isLinked&quot;:false},&quot;main_menu_border_radius&quot;:{&quot;unit&quot;:&quot;px&quot;,&quot;top&quot;:&quot;2&quot;,&quot;right&quot;:&quot;2&quot;,&quot;bottom&quot;:&quot;2&quot;,&quot;left&quot;:&quot;2&quot;,&quot;isLinked&quot;:true},&quot;location_area_padding&quot;:{&quot;unit&quot;:&quot;px&quot;,&quot;top&quot;:&quot;&quot;,&quot;right&quot;:&quot;&quot;,&quot;bottom&quot;:&quot;&quot;,&quot;left&quot;:&quot;&quot;,&quot;isLinked&quot;:true},&quot;location_area_padding_tablet&quot;:{&quot;unit&quot;:&quot;px&quot;,&quot;top&quot;:&quot;&quot;,&quot;right&quot;:&quot;&quot;,&quot;bottom&quot;:&quot;&quot;,&quot;left&quot;:&quot;&quot;,&quot;isLinked&quot;:true},&quot;location_area_padding_mobile&quot;:{&quot;unit&quot;:&quot;px&quot;,&quot;top&quot;:&quot;&quot;,&quot;right&quot;:&quot;&quot;,&quot;bottom&quot;:&quot;&quot;,&quot;left&quot;:&quot;&quot;,&quot;isLinked&quot;:true},&quot;padding_horizontal_menu_item_tablet&quot;:{&quot;unit&quot;:&quot;px&quot;,&quot;top&quot;:&quot;&quot;,&quot;right&quot;:&quot;&quot;,&quot;bottom&quot;:&quot;&quot;,&quot;left&quot;:&quot;&quot;,&quot;isLinked&quot;:true},&quot;padding_horizontal_menu_item_mobile&quot;:{&quot;unit&quot;:&quot;px&quot;,&quot;top&quot;:&quot;&quot;,&quot;right&quot;:&quot;&quot;,&quot;bottom&quot;:&quot;&quot;,&quot;left&quot;:&quot;&quot;,&quot;isLinked&quot;:true},&quot;menu_bottom_space_last_zero&quot;:{&quot;unit&quot;:&quot;px&quot;,&quot;size&quot;:&quot;&quot;,&quot;sizes&quot;:[]},&quot;menu_bottom_space_last_zero_tablet&quot;:{&quot;unit&quot;:&quot;px&quot;,&quot;size&quot;:&quot;&quot;,&quot;sizes&quot;:[]},&quot;menu_bottom_space_last_zero_mobile&quot;:{&quot;unit&quot;:&quot;px&quot;,&quot;size&quot;:&quot;&quot;,&quot;sizes&quot;:[]},&quot;main_menu_border_radius_tablet&quot;:{&quot;unit&quot;:&quot;px&quot;,&quot;top&quot;:&quot;&quot;,&quot;right&quot;:&quot;&quot;,&quot;bottom&quot;:&quot;&quot;,&quot;left&quot;:&quot;&quot;,&quot;isLinked&quot;:true},&quot;main_menu_border_radius_mobile&quot;:{&quot;unit&quot;:&quot;px&quot;,&quot;top&quot;:&quot;&quot;,&quot;right&quot;:&quot;&quot;,&quot;bottom&quot;:&quot;&quot;,&quot;left&quot;:&quot;&quot;,&quot;isLinked&quot;:true},&quot;main_menu_hover_border_radius&quot;:{&quot;unit&quot;:&quot;px&quot;,&quot;top&quot;:&quot;&quot;,&quot;right&quot;:&quot;&quot;,&quot;bottom&quot;:&quot;&quot;,&quot;left&quot;:&quot;&quot;,&quot;isLinked&quot;:true},&quot;main_menu_hover_border_radius_tablet&quot;:{&quot;unit&quot;:&quot;px&quot;,&quot;top&quot;:&quot;&quot;,&quot;right&quot;:&quot;&quot;,&quot;bottom&quot;:&quot;&quot;,&quot;left&quot;:&quot;&quot;,&quot;isLinked&quot;:true},&quot;main_menu_hover_border_radius_mobile&quot;:{&quot;unit&quot;:&quot;px&quot;,&quot;top&quot;:&quot;&quot;,&quot;right&quot;:&quot;&quot;,&quot;bottom&quot;:&quot;&quot;,&quot;left&quot;:&quot;&quot;,&quot;isLinked&quot;:true},&quot;dropdown_border_radius&quot;:{&quot;unit&quot;:&quot;px&quot;,&quot;top&quot;:&quot;&quot;,&quot;right&quot;:&quot;&quot;,&quot;bottom&quot;:&quot;&quot;,&quot;left&quot;:&quot;&quot;,&quot;isLinked&quot;:true},&quot;dropdown_border_radius_tablet&quot;:{&quot;unit&quot;:&quot;px&quot;,&quot;top&quot;:&quot;&quot;,&quot;right&quot;:&quot;&quot;,&quot;bottom&quot;:&quot;&quot;,&quot;left&quot;:&quot;&quot;,&quot;isLinked&quot;:true},&quot;dropdown_border_radius_mobile&quot;:{&quot;unit&quot;:&quot;px&quot;,&quot;top&quot;:&quot;&quot;,&quot;right&quot;:&quot;&quot;,&quot;bottom&quot;:&quot;&quot;,&quot;left&quot;:&quot;&quot;,&quot;isLinked&quot;:true},&quot;padding_horizontal_dropdown_item&quot;:{&quot;unit&quot;:&quot;px&quot;,&quot;size&quot;:&quot;&quot;,&quot;sizes&quot;:[]},&quot;padding_horizontal_dropdown_item_tablet&quot;:{&quot;unit&quot;:&quot;px&quot;,&quot;size&quot;:&quot;&quot;,&quot;sizes&quot;:[]},&quot;padding_horizontal_dropdown_item_mobile&quot;:{&quot;unit&quot;:&quot;px&quot;,&quot;size&quot;:&quot;&quot;,&quot;sizes&quot;:[]},&quot;padding_vertical_dropdown_item&quot;:{&quot;unit&quot;:&quot;px&quot;,&quot;size&quot;:15,&quot;sizes&quot;:[]},&quot;padding_vertical_dropdown_item_tablet&quot;:{&quot;unit&quot;:&quot;px&quot;,&quot;size&quot;:&quot;&quot;,&quot;sizes&quot;:[]},&quot;padding_vertical_dropdown_item_mobile&quot;:{&quot;unit&quot;:&quot;px&quot;,&quot;size&quot;:&quot;&quot;,&quot;sizes&quot;:[]},&quot;distance_from_menu&quot;:{&quot;unit&quot;:&quot;px&quot;,&quot;size&quot;:&quot;&quot;,&quot;sizes&quot;:[]},&quot;distance_from_menu_tablet&quot;:{&quot;unit&quot;:&quot;px&quot;,&quot;size&quot;:&quot;&quot;,&quot;sizes&quot;:[]},&quot;distance_from_menu_mobile&quot;:{&quot;unit&quot;:&quot;px&quot;,&quot;size&quot;:&quot;&quot;,&quot;sizes&quot;:[]},&quot;toggle_size&quot;:{&quot;unit&quot;:&quot;px&quot;,&quot;size&quot;:&quot;&quot;,&quot;sizes&quot;:[]},&quot;toggle_size_tablet&quot;:{&quot;unit&quot;:&quot;px&quot;,&quot;size&quot;:&quot;&quot;,&quot;sizes&quot;:[]},&quot;toggle_size_mobile&quot;:{&quot;unit&quot;:&quot;px&quot;,&quot;size&quot;:&quot;&quot;,&quot;sizes&quot;:[]},&quot;toggle_border_width&quot;:{&quot;unit&quot;:&quot;px&quot;,&quot;size&quot;:&quot;&quot;,&quot;sizes&quot;:[]},&quot;toggle_border_width_tablet&quot;:{&quot;unit&quot;:&quot;px&quot;,&quot;size&quot;:&quot;&quot;,&quot;sizes&quot;:[]},&quot;toggle_border_width_mobile&quot;:{&quot;unit&quot;:&quot;px&quot;,&quot;size&quot;:&quot;&quot;,&quot;sizes&quot;:[]},&quot;toggle_border_radius&quot;:{&quot;unit&quot;:&quot;px&quot;,&quot;size&quot;:&quot;&quot;,&quot;sizes&quot;:[]},&quot;toggle_border_radius_tablet&quot;:{&quot;unit&quot;:&quot;px&quot;,&quot;size&quot;:&quot;&quot;,&quot;sizes&quot;:[]},&quot;toggle_border_radius_mobile&quot;:{&quot;unit&quot;:&quot;px&quot;,&quot;size&quot;:&quot;&quot;,&quot;sizes&quot;:[]}}\" data-widget_type=\"navigation-menu.default\">\n\t\t\t\t<div class=\"elementor-widget-container\">\n\t\t\t\t\t\n\t\t<style>\n\t\t\t.hfe-layout-vertical .left-arrow ul .menu-item:hover a:after {\n\t\t\t\tbackground: !important;\n\t\t\t}\n\t\t\t.hfe-layout-vertical .left-arrow ul .menu-item:hover a:before {\n\t\t\t\tborder-left: 6px solid \t\t\t}\n\t\t<\/style>\n\n\t\t\t\t\t<div class=\"hfe-nav-menu hfe-layout-vertical normal hfe-nav-menu-layout mega_columns1 vertical\" data-layout=\"vertical\">\n\t\t\t\t<div class=\"hfe-nav-menu__toggle elementor-clickable\">\n\t\t\t\t\t<div class=\"hfe-nav-menu-icon\">\n\t\t\t\t\t\t\t\t\t\t\t<\/div>\n\t\t\t\t<\/div>\n\t\t\t\t\n\t\t\t\t<nav class=\"hfe-nav-menu__layout-vertical hfe-nav-menu__submenu-hide_default rs_one_columns no-separator no-arrow no-circle hide_default icon-enable\" data-toggle-icon=\"\" data-close-icon=\"\" data-full-width=\"\">\n\t\t\t\t\t<ul id=\"menu-1-4d42a74\" class=\"hfe-nav-menu\"><li id=\"menu-item-30453\" class=\"menu-item menu-item-type-post_type menu-item-object-page parent hfe-creative-menu\"><a href=\"https:\/\/ismaeasy.be\/index.php\/renovation-et-construction\/\" class = \"hfe-menu-item\">R\u00e9novation et Construction<em class=\"rs__menu_sp_dyc\"><i class=\"ri-arrow-right-line\"><\/i><\/em><\/a><\/li>\n<li id=\"menu-item-30576\" class=\"menu-item menu-item-type-post_type menu-item-object-page parent hfe-creative-menu\"><a href=\"https:\/\/ismaeasy.be\/index.php\/plomberie-et-chauffage\/\" class = \"hfe-menu-item\">Plomberie et Chauffage<em class=\"rs__menu_sp_dyc\"><i class=\"ri-arrow-right-line\"><\/i><\/em><\/a><\/li>\n<li id=\"menu-item-30626\" class=\"menu-item menu-item-type-post_type menu-item-object-page parent hfe-creative-menu\"><a href=\"https:\/\/ismaeasy.be\/index.php\/electricite\/\" class = \"hfe-menu-item\">\u00c9lectricit\u00e9<em class=\"rs__menu_sp_dyc\"><i class=\"ri-arrow-right-line\"><\/i><\/em><\/a><\/li>\n<li id=\"menu-item-30905\" class=\"menu-item menu-item-type-post_type menu-item-object-page parent hfe-creative-menu\"><a href=\"https:\/\/ismaeasy.be\/index.php\/controle-electricite\/\" class = \"hfe-menu-item\">Contr\u00f4le \u00c9lectricit\u00e9<em class=\"rs__menu_sp_dyc\"><i class=\"ri-arrow-right-line\"><\/i><\/em><\/a><\/li>\n<li id=\"menu-item-30645\" class=\"menu-item menu-item-type-post_type menu-item-object-page parent hfe-creative-menu\"><a href=\"https:\/\/ismaeasy.be\/index.php\/peinture\/\" class = \"hfe-menu-item\">Peinture<em class=\"rs__menu_sp_dyc\"><i class=\"ri-arrow-right-line\"><\/i><\/em><\/a><\/li>\n<li id=\"menu-item-30693\" class=\"menu-item menu-item-type-post_type menu-item-object-page parent hfe-creative-menu\"><a href=\"https:\/\/ismaeasy.be\/index.php\/mobilier-sur-mesure\/\" class = \"hfe-menu-item\">Mobilier sur Mesure<em class=\"rs__menu_sp_dyc\"><i class=\"ri-arrow-right-line\"><\/i><\/em><\/a><\/li>\n<li id=\"menu-item-30718\" class=\"menu-item menu-item-type-post_type menu-item-object-page parent hfe-creative-menu\"><a href=\"https:\/\/ismaeasy.be\/index.php\/revetement-de-sol\/\" class = \"hfe-menu-item\">Rev\u00eatement de Sol<em class=\"rs__menu_sp_dyc\"><i class=\"ri-arrow-right-line\"><\/i><\/em><\/a><\/li>\n<li id=\"menu-item-30838\" class=\"menu-item menu-item-type-post_type menu-item-object-page parent hfe-creative-menu\"><a href=\"https:\/\/ismaeasy.be\/index.php\/nettoyage-apres-chantier\/\" class = \"hfe-menu-item\">Nettoyage Apr\u00e8s Chantier<em class=\"rs__menu_sp_dyc\"><i class=\"ri-arrow-right-line\"><\/i><\/em><\/a><\/li>\n<\/ul>\t\t\t\t<\/nav>              \n\t\t\t<\/div>\n\n\t\t\t\t\t\t\t<\/div>\n\t\t\t\t<\/div>\n\t\t\t\t<\/div>\n\t\t\r\n\t\t<div class=\"default no-position show_shadow rs-sticky-default elementor-element elementor-element-7df9565 e-con-full e-flex e-con e-child\" data-id=\"7df9565\" data-element_type=\"container\" data-e-type=\"container\" data-settings=\"{&quot;background_background&quot;:&quot;classic&quot;}\">\n\t\t\t\t<\/div>\n\t\t\t\t<\/div>\n\t\t\t\t<\/div>\n\t\t\t\t\t<\/div>\n\t\t\t\t<\/div>\n\t\t\t\t<\/div>\n\t\t","protected":false},"excerpt":{"rendered":"<p>Plomberie et Chauffage Plomberie et Chauffage Votre expert en plomberie et chauffage \u00e0 votre serviceD\u00e9pannage, installation et entretien pour votre confort au quotidien Vous \u00eates face \u00e0 une fuite d&#8217;eau, une panne de chaudi\u00e8re ou un probl\u00e8me de chauffage ? Faites appel \u00e0 notre \u00e9quipe d&#8217;experts en plomberie et chauffage pour une intervention rapide et&#8230;<\/p>\n","protected":false},"author":1,"featured_media":0,"parent":0,"menu_order":0,"comment_status":"closed","ping_status":"closed","template":"elementor_header_footer","meta":{"_monsterinsights_skip_tracking":false,"_monsterinsights_sitenote_active":false,"_monsterinsights_sitenote_note":"","_monsterinsights_sitenote_category":0,"footnotes":""},"class_list":["post-30546","page","type-page","status-publish","hentry"],"_links":{"self":[{"href":"https:\/\/ismaeasy.be\/index.php\/wp-json\/wp\/v2\/pages\/30546","targetHints":{"allow":["GET"]}}],"collection":[{"href":"https:\/\/ismaeasy.be\/index.php\/wp-json\/wp\/v2\/pages"}],"about":[{"href":"https:\/\/ismaeasy.be\/index.php\/wp-json\/wp\/v2\/types\/page"}],"author":[{"embeddable":true,"href":"https:\/\/ismaeasy.be\/index.php\/wp-json\/wp\/v2\/users\/1"}],"replies":[{"embeddable":true,"href":"https:\/\/ismaeasy.be\/index.php\/wp-json\/wp\/v2\/comments?post=30546"}],"version-history":[{"count":53,"href":"https:\/\/ismaeasy.be\/index.php\/wp-json\/wp\/v2\/pages\/30546\/revisions"}],"predecessor-version":[{"id":31477,"href":"https:\/\/ismaeasy.be\/index.php\/wp-json\/wp\/v2\/pages\/30546\/revisions\/31477"}],"wp:attachment":[{"href":"https:\/\/ismaeasy.be\/index.php\/wp-json\/wp\/v2\/media?parent=30546"}],"curies":[{"name":"wp","href":"https:\/\/api.w.org\/{rel}","templated":true}]}}